{"id":3773,"date":"2020-11-11T14:43:17","date_gmt":"2020-11-11T14:43:17","guid":{"rendered":"https:\/\/fozassessors.com\/?page_id=3773"},"modified":"2020-11-16T08:44:42","modified_gmt":"2020-11-16T08:44:42","slug":"foz-gruppe","status":"publish","type":"page","link":"https:\/\/fozassessors.com\/de\/foz-gruppe\/","title":{"rendered":"FOZ-GRUPPE"},"content":{"rendered":"<div id='av_section_1'  class='avia-section main_color avia-section-huge avia-no-border-styling  avia-full-stretch av-section-color-overlay-active avia-bg-style-scroll  avia-builder-el-0  el_before_av_section  avia-builder-el-first   container_wrap fullsize' style='background-repeat: no-repeat; background-image: url(https:\/\/fozassessors.com\/wp-content\/uploads\/2020\/11\/continents-695162_1280-1024x5121-1.jpg);background-attachment: scroll; background-position: center center;  '  data-section-bg-repeat='stretch'><div class='av-section-color-overlay-wrap'><div class='av-section-color-overlay' style='opacity: 0.4; background-color: #020202; '><\/div><div class='container' ><main  role=\"main\" itemprop=\"mainContentOfPage\"  class='template-page content  av-content-full alpha units'><div class='post-entry post-entry-type-page post-entry-3773'><div class='entry-content-wrapper clearfix'>\n<div  style='padding-bottom:10px; color:#ffffff;font-size:55px;' class='av-special-heading av-special-heading-h1 custom-color-heading blockquote modern-quote modern-centered  avia-builder-el-1  el_before_av_textblock  avia-builder-el-first  av-inherit-size '><h1 class='av-special-heading-tag '  itemprop=\"headline\"  >FOZ-GRUPPE<\/h1><div class='special-heading-border'><div class='special-heading-inner-border' style='border-color:#ffffff'><\/div><\/div><\/div>\n<section class=\"av_textblock_section \"  itemscope=\"itemscope\" itemtype=\"https:\/\/schema.org\/CreativeWork\" ><div class='avia_textblock  av_inherit_color '  style='color:#ffffff; '  itemprop=\"text\" ><h3 style=\"text-align: center;\">Die Foz Group besteht aus drei nahestehenden Unternehmen, die von ihrem CEO, Herrn Carles Foz Moreno, gegr\u00fcndet wurden. Die Foz Group besteht aus Bufete Foz &amp; Asociados; Foz Assessors und Foz Sports &amp; Events. Erfahren Sie mehr \u00fcber uns:<\/h3>\n<\/div><\/section>\n<\/div><\/div><\/main><!-- close content main element --><\/div><\/div><\/div><div id='av_section_2'  class='avia-section main_color avia-section-large avia-no-border-styling  avia-bg-style-scroll  avia-builder-el-3  el_after_av_section  avia-builder-el-last   container_wrap fullsize' style=' '  ><div class='container' ><div class='template-page content  av-content-full alpha units'><div class='post-entry post-entry-type-page post-entry-3773'><div class='entry-content-wrapper clearfix'>\n<div class=\"flex_column av_one_third  flex_column_div av-zero-column-padding first  avia-builder-el-4  el_before_av_one_third  avia-builder-el-first  \" style='border-radius:0px; '><p><div  class='avia-image-container  av-styling-    avia-builder-el-5  el_before_av_hr  avia-builder-el-first  avia-align-center '  itemprop=\"image\" itemscope=\"itemscope\" itemtype=\"https:\/\/schema.org\/ImageObject\"  ><div class='avia-image-container-inner'><div class='avia-image-overlay-wrap'><img decoding=\"async\" class='wp-image-3591 avia-img-lazy-loading-not-3591 avia_image' src=\"https:\/\/fozassessors.com\/wp-content\/uploads\/2020\/11\/foz-asociados.jpg\" alt='' title='foz-asociados' height=\"84\" width=\"550\"  itemprop=\"thumbnailUrl\" srcset=\"https:\/\/fozassessors.com\/wp-content\/uploads\/2020\/11\/foz-asociados.jpg 550w, https:\/\/fozassessors.com\/wp-content\/uploads\/2020\/11\/foz-asociados-300x46.jpg 300w\" sizes=\"(max-width: 550px) 100vw, 550px\" \/><\/div><\/div><\/div><br \/>\n<div  style='height:1px; margin-top:0px'  class='hr hr-invisible   avia-builder-el-6  el_after_av_image  el_before_av_textblock '><span class='hr-inner ' ><span class='hr-inner-style'><\/span><\/span><\/div><br \/>\n<section class=\"av_textblock_section \"  itemscope=\"itemscope\" itemtype=\"https:\/\/schema.org\/CreativeWork\" ><div class='avia_textblock  '   itemprop=\"text\" ><p style=\"text-align: center;\"><strong>Bufete Foz &#038; Asociados<\/strong>\u00a0ist eine Anwaltskanzlei, die 1986 von Herrn Carles Foz Moreno gegr\u00fcndet wurde. Bei Bufete Foz setzen wir uns f\u00fcr unsere Mandanten mit \u00e4u\u00dferster Strenge und Ethik in den meisten Rechtsgebieten ein.<\/p>\n<div class=\"clearboth\"><\/div>\n<\/div><\/section><br \/>\n<div  style='height:126px' class='hr hr-invisible  av-small-hide av-mini-hide  avia-builder-el-8  el_after_av_textblock  el_before_av_button '><span class='hr-inner ' ><span class='hr-inner-style'><\/span><\/span><\/div><br \/>\n<div  class='avia-button-wrap avia-button-center  avia-builder-el-9  el_after_av_hr  avia-builder-el-last ' ><a href='https:\/\/bufetefoz.com\/'  class='avia-button  avia-color-theme-color  avia-font-color-theme-color  avia-icon_select-no avia-size-large avia-position-center '   ><span class='avia_iconbox_title' >Mehr Information<\/span><span class='avia_button_background avia-button avia-color-theme-color' ><\/span><\/a><\/div><\/p><\/div><div class=\"flex_column av_one_third  flex_column_div av-zero-column-padding   avia-builder-el-10  el_after_av_one_third  el_before_av_one_third  \" style='border-radius:0px; '><p><div  class='avia-image-container  av-styling-    avia-builder-el-11  el_before_av_hr  avia-builder-el-first  avia-align-center '  itemprop=\"image\" itemscope=\"itemscope\" itemtype=\"https:\/\/schema.org\/ImageObject\"  ><div class='avia-image-container-inner'><div class='avia-image-overlay-wrap'><img decoding=\"async\" class='wp-image-3597 avia-img-lazy-loading-not-3597 avia_image' src=\"https:\/\/fozassessors.com\/wp-content\/uploads\/2020\/11\/fozsports.jpg\" alt='' title='fozsports' height=\"84\" width=\"550\"  itemprop=\"thumbnailUrl\" srcset=\"https:\/\/fozassessors.com\/wp-content\/uploads\/2020\/11\/fozsports.jpg 550w, https:\/\/fozassessors.com\/wp-content\/uploads\/2020\/11\/fozsports-300x46.jpg 300w\" sizes=\"(max-width: 550px) 100vw, 550px\" \/><\/div><\/div><\/div><br \/>\n<div  style='height:1px; margin-top:0px'  class='hr hr-invisible   avia-builder-el-12  el_after_av_image  el_before_av_textblock '><span class='hr-inner ' ><span class='hr-inner-style'><\/span><\/span><\/div><br \/>\n<section class=\"av_textblock_section \"  itemscope=\"itemscope\" itemtype=\"https:\/\/schema.org\/CreativeWork\" ><div class='avia_textblock  '   itemprop=\"text\" ><p style=\"text-align: center;\"><strong>Foz Sports &#038; Events <\/strong>ist eine Agentur zur Vertretung von Basketballspielern, Trainern und Organisation von Sportveranstaltungen.<\/p>\n<p style=\"text-align: center;\">Wir bem\u00fchen uns, die Interessen der von uns vertretenen Spieler, auch wenn es sich um junge Nachwuchsspieler handelt, mit den Bed\u00fcrfnissen der Vereine zu verbinden, wobei stets der menschliche Aspekt des Sports im Mittelpunkt steht.<\/p>\n<div class=\"clearboth\"><\/div>\n<\/div><\/section><br \/>\n<div  style='height:6px' class='hr hr-invisible  av-small-hide av-mini-hide  avia-builder-el-14  el_after_av_textblock  el_before_av_button '><span class='hr-inner ' ><span class='hr-inner-style'><\/span><\/span><\/div><br \/>\n<div  class='avia-button-wrap avia-button-center  avia-builder-el-15  el_after_av_hr  avia-builder-el-last ' ><a href='https:\/\/fozsports-events.com\/'  class='avia-button  avia-color-theme-color  avia-font-color-theme-color  avia-icon_select-no avia-size-large avia-position-center '   ><span class='avia_iconbox_title' >Mehr Information<\/span><span class='avia_button_background avia-button avia-color-theme-color' ><\/span><\/a><\/div><\/p><\/div><div class=\"flex_column av_one_third  flex_column_div av-zero-column-padding   avia-builder-el-16  el_after_av_one_third  avia-builder-el-last  \" style='border-radius:0px; '><p><div  class='avia-image-container  av-styling-    avia-builder-el-17  el_before_av_hr  avia-builder-el-first  avia-align-center '  itemprop=\"image\" itemscope=\"itemscope\" itemtype=\"https:\/\/schema.org\/ImageObject\"  ><div class='avia-image-container-inner'><div class='avia-image-overlay-wrap'><img decoding=\"async\" class='wp-image-3594 avia-img-lazy-loading-not-3594 avia_image' src=\"https:\/\/fozassessors.com\/wp-content\/uploads\/2020\/11\/fozassessors.jpg\" alt='' title='fozassessors' height=\"84\" width=\"550\"  itemprop=\"thumbnailUrl\" srcset=\"https:\/\/fozassessors.com\/wp-content\/uploads\/2020\/11\/fozassessors.jpg 550w, https:\/\/fozassessors.com\/wp-content\/uploads\/2020\/11\/fozassessors-300x46.jpg 300w\" sizes=\"(max-width: 550px) 100vw, 550px\" \/><\/div><\/div><\/div><br \/>\n<div  style='height:1px; margin-top:0px'  class='hr hr-invisible   avia-builder-el-18  el_after_av_image  el_before_av_textblock '><span class='hr-inner ' ><span class='hr-inner-style'><\/span><\/span><\/div><br \/>\n<section class=\"av_textblock_section \"  itemscope=\"itemscope\" itemtype=\"https:\/\/schema.org\/CreativeWork\" ><div class='avia_textblock  '   itemprop=\"text\" ><p style=\"text-align: center;\">In<strong> Foz Assesors<\/strong>\u00a0helfen wir unseren Kunden, ihren steuerlichen und buchhalterischen Verpflichtungen nachzukommen, und bieten ihnen seit 1998 einen transparenten und effizienten Service. Unser professionelles Team ist perfekt darauf vorbereitet, um Ihnen einen qualitativ hochwertigen Service zu bieten.<\/p>\n<div class=\"clearboth\"><\/div>\n<\/div><\/section><br \/>\n<div  style='height:70px' class='hr hr-invisible  av-small-hide av-mini-hide  avia-builder-el-20  el_after_av_textblock  el_before_av_button '><span class='hr-inner ' ><span class='hr-inner-style'><\/span><\/span><\/div><br \/>\n<div  class='avia-button-wrap avia-button-center  avia-builder-el-21  el_after_av_hr  avia-builder-el-last ' ><a href='https:\/\/fozassessors.com\/'  class='avia-button  avia-color-theme-color  avia-font-color-theme-color  avia-icon_select-no avia-size-large avia-position-center '   ><span class='avia_iconbox_title' >Mehr Information<\/span><span class='avia_button_background avia-button avia-color-theme-color' ><\/span><\/a><\/div><\/p><\/div>\n<\/p>\n","protected":false},"excerpt":{"rendered":"","protected":false},"author":1,"featured_media":0,"parent":0,"menu_order":0,"comment_status":"closed","ping_status":"closed","template":"","meta":{"footnotes":""},"class_list":["post-3773","page","type-page","status-publish","hentry"],"yoast_head":"<!-- This site is optimized with the Yoast SEO plugin v26.7 - https:\/\/yoast.com\/wordpress\/plugins\/seo\/ -->\n<title>FOZ-GRUPPE - Foz Assessors<\/title>\n<meta name=\"robots\" content=\"index, follow, max-snippet:-1, max-image-preview:large, max-video-preview:-1\" \/>\n<link rel=\"canonical\" href=\"https:\/\/fozassessors.com\/de\/foz-gruppe\/\" \/>\n<meta property=\"og:locale\" content=\"de_DE\" \/>\n<meta property=\"og:type\" content=\"article\" \/>\n<meta property=\"og:title\" content=\"FOZ-GRUPPE - Foz Assessors\" \/>\n<meta property=\"og:url\" content=\"https:\/\/fozassessors.com\/de\/foz-gruppe\/\" \/>\n<meta property=\"og:site_name\" content=\"Foz Assessors\" \/>\n<meta property=\"article:modified_time\" content=\"2020-11-16T08:44:42+00:00\" \/>\n<meta name=\"twitter:card\" content=\"summary_large_image\" \/>\n<meta name=\"twitter:label1\" content=\"Gesch\u00e4tzte Lesezeit\" \/>\n\t<meta name=\"twitter:data1\" content=\"9\u00a0Minuten\" \/>\n<script type=\"application\/ld+json\" class=\"yoast-schema-graph\">{\"@context\":\"https:\/\/schema.org\",\"@graph\":[{\"@type\":\"WebPage\",\"@id\":\"https:\/\/fozassessors.com\/de\/foz-gruppe\/\",\"url\":\"https:\/\/fozassessors.com\/de\/foz-gruppe\/\",\"name\":\"FOZ-GRUPPE - Foz Assessors\",\"isPartOf\":{\"@id\":\"https:\/\/fozassessors.com\/de\/#website\"},\"datePublished\":\"2020-11-11T14:43:17+00:00\",\"dateModified\":\"2020-11-16T08:44:42+00:00\",\"breadcrumb\":{\"@id\":\"https:\/\/fozassessors.com\/de\/foz-gruppe\/#breadcrumb\"},\"inLanguage\":\"de\",\"potentialAction\":[{\"@type\":\"ReadAction\",\"target\":[\"https:\/\/fozassessors.com\/de\/foz-gruppe\/\"]}]},{\"@type\":\"BreadcrumbList\",\"@id\":\"https:\/\/fozassessors.com\/de\/foz-gruppe\/#breadcrumb\",\"itemListElement\":[{\"@type\":\"ListItem\",\"position\":1,\"name\":\"Portada\",\"item\":\"https:\/\/fozassessors.com\/de\/\"},{\"@type\":\"ListItem\",\"position\":2,\"name\":\"FOZ-GRUPPE\"}]},{\"@type\":\"WebSite\",\"@id\":\"https:\/\/fozassessors.com\/de\/#website\",\"url\":\"https:\/\/fozassessors.com\/de\/\",\"name\":\"Foz Assessors\",\"description\":\"Foz Assessors\",\"potentialAction\":[{\"@type\":\"SearchAction\",\"target\":{\"@type\":\"EntryPoint\",\"urlTemplate\":\"https:\/\/fozassessors.com\/de\/?s={search_term_string}\"},\"query-input\":{\"@type\":\"PropertyValueSpecification\",\"valueRequired\":true,\"valueName\":\"search_term_string\"}}],\"inLanguage\":\"de\"}]}<\/script>\n<!-- \/ Yoast SEO plugin. -->","yoast_head_json":{"title":"FOZ-GRUPPE - Foz Assessors","robots":{"index":"index","follow":"follow","max-snippet":"max-snippet:-1","max-image-preview":"max-image-preview:large","max-video-preview":"max-video-preview:-1"},"canonical":"https:\/\/fozassessors.com\/de\/foz-gruppe\/","og_locale":"de_DE","og_type":"article","og_title":"FOZ-GRUPPE - Foz Assessors","og_url":"https:\/\/fozassessors.com\/de\/foz-gruppe\/","og_site_name":"Foz Assessors","article_modified_time":"2020-11-16T08:44:42+00:00","twitter_card":"summary_large_image","twitter_misc":{"Gesch\u00e4tzte Lesezeit":"9\u00a0Minuten"},"schema":{"@context":"https:\/\/schema.org","@graph":[{"@type":"WebPage","@id":"https:\/\/fozassessors.com\/de\/foz-gruppe\/","url":"https:\/\/fozassessors.com\/de\/foz-gruppe\/","name":"FOZ-GRUPPE - Foz Assessors","isPartOf":{"@id":"https:\/\/fozassessors.com\/de\/#website"},"datePublished":"2020-11-11T14:43:17+00:00","dateModified":"2020-11-16T08:44:42+00:00","breadcrumb":{"@id":"https:\/\/fozassessors.com\/de\/foz-gruppe\/#breadcrumb"},"inLanguage":"de","potentialAction":[{"@type":"ReadAction","target":["https:\/\/fozassessors.com\/de\/foz-gruppe\/"]}]},{"@type":"BreadcrumbList","@id":"https:\/\/fozassessors.com\/de\/foz-gruppe\/#breadcrumb","itemListElement":[{"@type":"ListItem","position":1,"name":"Portada","item":"https:\/\/fozassessors.com\/de\/"},{"@type":"ListItem","position":2,"name":"FOZ-GRUPPE"}]},{"@type":"WebSite","@id":"https:\/\/fozassessors.com\/de\/#website","url":"https:\/\/fozassessors.com\/de\/","name":"Foz Assessors","description":"Foz Assessors","potentialAction":[{"@type":"SearchAction","target":{"@type":"EntryPoint","urlTemplate":"https:\/\/fozassessors.com\/de\/?s={search_term_string}"},"query-input":{"@type":"PropertyValueSpecification","valueRequired":true,"valueName":"search_term_string"}}],"inLanguage":"de"}]}},"_links":{"self":[{"href":"https:\/\/fozassessors.com\/de\/wp-json\/wp\/v2\/pages\/3773","targetHints":{"allow":["GET"]}}],"collection":[{"href":"https:\/\/fozassessors.com\/de\/wp-json\/wp\/v2\/pages"}],"about":[{"href":"https:\/\/fozassessors.com\/de\/wp-json\/wp\/v2\/types\/page"}],"author":[{"embeddable":true,"href":"https:\/\/fozassessors.com\/de\/wp-json\/wp\/v2\/users\/1"}],"replies":[{"embeddable":true,"href":"https:\/\/fozassessors.com\/de\/wp-json\/wp\/v2\/comments?post=3773"}],"version-history":[{"count":3,"href":"https:\/\/fozassessors.com\/de\/wp-json\/wp\/v2\/pages\/3773\/revisions"}],"predecessor-version":[{"id":3825,"href":"https:\/\/fozassessors.com\/de\/wp-json\/wp\/v2\/pages\/3773\/revisions\/3825"}],"wp:attachment":[{"href":"https:\/\/fozassessors.com\/de\/wp-json\/wp\/v2\/media?parent=3773"}],"curies":[{"name":"wp","href":"https:\/\/api.w.org\/{rel}","templated":true}]}}