{"id":3701,"date":"2020-11-11T09:16:02","date_gmt":"2020-11-11T09:16:02","guid":{"rendered":"https:\/\/fozassessors.com\/carta-del-director-2\/"},"modified":"2020-11-23T12:41:25","modified_gmt":"2020-11-23T12:41:25","slug":"rechtliche-hinweise-und-informationen-zu-dieser-website","status":"publish","type":"page","link":"https:\/\/fozassessors.com\/de\/rechtliche-hinweise-und-informationen-zu-dieser-website\/","title":{"rendered":"RECHTLICHE HINWEISE UND INFORMATIONEN ZU DIESER WEBSITE"},"content":{"rendered":"<div id='av_section_1'  class='avia-section main_color avia-section-default avia-no-border-styling  avia-full-stretch av-section-color-overlay-active avia-bg-style-scroll  avia-builder-el-0  el_before_av_section  avia-builder-el-first   container_wrap fullsize' style='background-repeat: no-repeat; background-image: url(https:\/\/fozassessors.com\/wp-content\/uploads\/2020\/11\/continents-695162_1280-1024x5121-1.jpg);background-attachment: scroll; background-position: center center;  '  data-section-bg-repeat='stretch'><div class='av-section-color-overlay-wrap'><div class='av-section-color-overlay' style='opacity: 0.4; background-color: #020202; '><\/div><div class='container' ><main  role=\"main\" itemprop=\"mainContentOfPage\"  class='template-page content  av-content-full alpha units'><div class='post-entry post-entry-type-page post-entry-3701'><div class='entry-content-wrapper clearfix'>\n<div  style='padding-bottom:10px; color:#ffffff;font-size:55px;' class='av-special-heading av-special-heading-h1 custom-color-heading blockquote modern-quote modern-centered  avia-builder-el-1  avia-builder-el-no-sibling  av-inherit-size '><h1 class='av-special-heading-tag '  itemprop=\"headline\"  >RECHTLICHE HINWEISE UND INFORMATIONEN ZU DIESER WEBSITE<\/h1><div class='special-heading-border'><div class='special-heading-inner-border' style='border-color:#ffffff'><\/div><\/div><\/div>\n<\/div><\/div><\/main><!-- close content main element --><\/div><\/div><\/div><div id='av_section_2'  class='avia-section main_color avia-section-default avia-no-border-styling  avia-bg-style-scroll  avia-builder-el-2  el_after_av_section  avia-builder-el-last   container_wrap fullsize' style=' '  ><div class='container' ><div class='template-page content  av-content-full alpha units'><div class='post-entry post-entry-type-page post-entry-3701'><div class='entry-content-wrapper clearfix'>\n<section class=\"av_textblock_section \"  itemscope=\"itemscope\" itemtype=\"https:\/\/schema.org\/CreativeWork\" ><div class='avia_textblock  '  style='font-size:16px; '  itemprop=\"text\" ><p>Im Sinne des Gesetzes 34\/2002 vom 11. Juli \u00fcber die Dienste der Informationsgesellschaft und den elektronischen Handel wird hiermit erkl\u00e4rt, dass der Eigent\u00fcmer der Website Carles Foz Moreno ist Rechtsanwalt und Mitglied Nr. 1592 des illustren Kollegiums der Rechtsanw\u00e4lte der Balearen, mit DNI\/CIF 37689792-Z, mit Sitz in Avinguda Alemanya 15 escalera A-5\u00ba-2\u00aa, 07003 Palma, Illes Balears, Spanien.<\/p>\n<p>Die Informationen, die auf dieser Webseite mit der Adresse <a href=\"http:\/\/www.bufetefoz.com\">www.bufetefoz.com<\/a> zur Verf\u00fcgung stehen, haben den grundlegenden Zweck, die Dienstleistungen, die diese Kanzlei bei der Entwicklung ihrer T\u00e4tigkeit erbringt, bekannt zu machen und \u00fcber sie zu informieren.<\/p>\n<p>In Bezug auf die Inhalte der Website, die rechtlicher und\/oder steuerlicher Natur sein k\u00f6nnen, wird davon ausgegangen, dass sie ausschlie\u00dflich zu Informationszwecken zur Verf\u00fcgung gestellt werden und als solche in keiner Weise die Beratung eines Anwalts oder eines anderen f\u00fcr den Gegenstand dieser Website geeigneten Fachmanns ersetzen.<\/p>\n<p>Ebenso, und angesichts der Tatsache, dass die Informationen, die auf dieser Website zur Verf\u00fcgung gestellt werden k\u00f6nnen, Fehler oder Ungenauigkeiten enthalten k\u00f6nnen und dass dar\u00fcber hinaus die zur Verf\u00fcgung gestellten rechtlichen Informationen aufgrund von \u00c4nderungen in der Gesetzgebung, Auslegung, Rechtsprechung und Doktrin \u00c4nderungen unterworfen sind, wird davon ausgegangen, dass die Verwendung von Informationen, die von dieser Website erhalten wurden, in der alleinigen und ausschlie\u00dflichen Verantwortung des Benutzers dieser Website liegt, und zwar mit voller Entsch\u00e4digung f\u00fcr Bufete Foz &amp; Asociados.<\/p>\n<p>Ebenso erkl\u00e4rt Bufete Foz &amp; Asociados, dass sie im Falle der Aufnahme von Hyperlinks f\u00fcr Verbindungen, die f\u00fcr die bereitgestellten Informationen von Interesse sind, keinerlei Verantwortung f\u00fcr den Inhalt der Adressen \u00fcbernimmt, auf die in diesem Fall zugegriffen wird, noch f\u00fcr Verbindungsprobleme und\/oder Vorf\u00e4lle jeglicher Art, die sich aus dem Surfen im Internet ergeben k\u00f6nnen, wie z.B. Viren, Trojaner oder die Erfassung unerw\u00fcnschter Informationen durch Dritte.<\/p>\n<p>Bufete Foz &amp; Asociados kann ohne vorherige Ank\u00fcndigung \u00c4nderungen an diesem Rechtlichen Hinweis vornehmen, die nach 72 Stunden ab dem Zeitpunkt der \u00c4nderung voll wirksam werden.<\/p>\n<p>Ebenso, und angesichts der Tatsache, dass die Informationen, die auf dieser Website zur Verf\u00fcgung gestellt werden k\u00f6nnen, Fehler oder Ungenauigkeiten enthalten k\u00f6nnen und dass dar\u00fcber hinaus die zur Verf\u00fcgung gestellten rechtlichen Informationen aufgrund von \u00c4nderungen in der Gesetzgebung, Auslegung und Rechtsprechung variieren k\u00f6nnen, wird davon ausgegangen, dass die Nutzung der Informationen, die von dieser Website erhalten werden, in der alleinigen und ausschlie\u00dflichen Verantwortung des Nutzers dieser Website liegt, wobei Bufete Foz &amp; Asociados in vollem Umfang entsch\u00e4digt wird.<\/p>\n<p>Die vom Eigent\u00fcmer auf dieser Website ver\u00f6ffentlichten Inhalte unterliegen dem Rechtsschutz, der sich aus der Gesetzgebung zum geistigen Eigentum ableitet, und sind ausschlie\u00dfliches Eigentum des Eigent\u00fcmers der Website, sofern nicht anders angegeben und\/oder ausdr\u00fccklich von Dritten zitiert. Der Eigent\u00fcmer beh\u00e4lt sich daher das Recht auf Erkl\u00e4rung, Marketing und \u00f6ffentliche Kommunikation vor, Verbreitung und jede andere dem geistigen Eigentum des Autors inh\u00e4rente Form, ist es ausdr\u00fccklich verboten, die Inhalte dieser Website zu kopieren, zu reproduzieren, f\u00fcr kommerzielle Zwecke zu nutzen, zu kopieren oder durch Dritte zu speichern, wenn sie nicht die vorherige ausdr\u00fcckliche schriftliche Genehmigung des Eigent\u00fcmers haben, mit Ausnahme des Kopierens oder Druckens f\u00fcr den pers\u00f6nlichen, privaten und exklusiven Gebrauch durch die Person, die auf die Website zugreift.<\/p>\n<\/div><\/section>\n<\/p>\n","protected":false},"excerpt":{"rendered":"","protected":false},"author":1,"featured_media":0,"parent":0,"menu_order":0,"comment_status":"closed","ping_status":"closed","template":"","meta":{"footnotes":""},"class_list":["post-3701","page","type-page","status-publish","hentry"],"yoast_head":"<!-- This site is optimized with the Yoast SEO plugin v26.7 - https:\/\/yoast.com\/wordpress\/plugins\/seo\/ -->\n<title>RECHTLICHE HINWEISE UND INFORMATIONEN ZU DIESER WEBSITE - Foz Assessors<\/title>\n<meta name=\"robots\" content=\"index, follow, max-snippet:-1, max-image-preview:large, max-video-preview:-1\" \/>\n<link rel=\"canonical\" href=\"https:\/\/fozassessors.com\/de\/rechtliche-hinweise-und-informationen-zu-dieser-website\/\" \/>\n<meta property=\"og:locale\" content=\"de_DE\" \/>\n<meta property=\"og:type\" content=\"article\" \/>\n<meta property=\"og:title\" content=\"RECHTLICHE HINWEISE UND INFORMATIONEN ZU DIESER WEBSITE - Foz Assessors\" \/>\n<meta property=\"og:url\" content=\"https:\/\/fozassessors.com\/de\/rechtliche-hinweise-und-informationen-zu-dieser-website\/\" \/>\n<meta property=\"og:site_name\" content=\"Foz Assessors\" \/>\n<meta property=\"article:modified_time\" content=\"2020-11-23T12:41:25+00:00\" \/>\n<meta name=\"twitter:card\" content=\"summary_large_image\" \/>\n<meta name=\"twitter:label1\" content=\"Gesch\u00e4tzte Lesezeit\" \/>\n\t<meta name=\"twitter:data1\" content=\"5\u00a0Minuten\" \/>\n<script type=\"application\/ld+json\" class=\"yoast-schema-graph\">{\"@context\":\"https:\/\/schema.org\",\"@graph\":[{\"@type\":\"WebPage\",\"@id\":\"https:\/\/fozassessors.com\/de\/rechtliche-hinweise-und-informationen-zu-dieser-website\/\",\"url\":\"https:\/\/fozassessors.com\/de\/rechtliche-hinweise-und-informationen-zu-dieser-website\/\",\"name\":\"RECHTLICHE HINWEISE UND INFORMATIONEN ZU DIESER WEBSITE - Foz Assessors\",\"isPartOf\":{\"@id\":\"https:\/\/fozassessors.com\/de\/#website\"},\"datePublished\":\"2020-11-11T09:16:02+00:00\",\"dateModified\":\"2020-11-23T12:41:25+00:00\",\"breadcrumb\":{\"@id\":\"https:\/\/fozassessors.com\/de\/rechtliche-hinweise-und-informationen-zu-dieser-website\/#breadcrumb\"},\"inLanguage\":\"de\",\"potentialAction\":[{\"@type\":\"ReadAction\",\"target\":[\"https:\/\/fozassessors.com\/de\/rechtliche-hinweise-und-informationen-zu-dieser-website\/\"]}]},{\"@type\":\"BreadcrumbList\",\"@id\":\"https:\/\/fozassessors.com\/de\/rechtliche-hinweise-und-informationen-zu-dieser-website\/#breadcrumb\",\"itemListElement\":[{\"@type\":\"ListItem\",\"position\":1,\"name\":\"Portada\",\"item\":\"https:\/\/fozassessors.com\/de\/\"},{\"@type\":\"ListItem\",\"position\":2,\"name\":\"RECHTLICHE HINWEISE UND INFORMATIONEN ZU DIESER WEBSITE\"}]},{\"@type\":\"WebSite\",\"@id\":\"https:\/\/fozassessors.com\/de\/#website\",\"url\":\"https:\/\/fozassessors.com\/de\/\",\"name\":\"Foz Assessors\",\"description\":\"Foz Assessors\",\"potentialAction\":[{\"@type\":\"SearchAction\",\"target\":{\"@type\":\"EntryPoint\",\"urlTemplate\":\"https:\/\/fozassessors.com\/de\/?s={search_term_string}\"},\"query-input\":{\"@type\":\"PropertyValueSpecification\",\"valueRequired\":true,\"valueName\":\"search_term_string\"}}],\"inLanguage\":\"de\"}]}<\/script>\n<!-- \/ Yoast SEO plugin. -->","yoast_head_json":{"title":"RECHTLICHE HINWEISE UND INFORMATIONEN ZU DIESER WEBSITE - Foz Assessors","robots":{"index":"index","follow":"follow","max-snippet":"max-snippet:-1","max-image-preview":"max-image-preview:large","max-video-preview":"max-video-preview:-1"},"canonical":"https:\/\/fozassessors.com\/de\/rechtliche-hinweise-und-informationen-zu-dieser-website\/","og_locale":"de_DE","og_type":"article","og_title":"RECHTLICHE HINWEISE UND INFORMATIONEN ZU DIESER WEBSITE - Foz Assessors","og_url":"https:\/\/fozassessors.com\/de\/rechtliche-hinweise-und-informationen-zu-dieser-website\/","og_site_name":"Foz Assessors","article_modified_time":"2020-11-23T12:41:25+00:00","twitter_card":"summary_large_image","twitter_misc":{"Gesch\u00e4tzte Lesezeit":"5\u00a0Minuten"},"schema":{"@context":"https:\/\/schema.org","@graph":[{"@type":"WebPage","@id":"https:\/\/fozassessors.com\/de\/rechtliche-hinweise-und-informationen-zu-dieser-website\/","url":"https:\/\/fozassessors.com\/de\/rechtliche-hinweise-und-informationen-zu-dieser-website\/","name":"RECHTLICHE HINWEISE UND INFORMATIONEN ZU DIESER WEBSITE - Foz Assessors","isPartOf":{"@id":"https:\/\/fozassessors.com\/de\/#website"},"datePublished":"2020-11-11T09:16:02+00:00","dateModified":"2020-11-23T12:41:25+00:00","breadcrumb":{"@id":"https:\/\/fozassessors.com\/de\/rechtliche-hinweise-und-informationen-zu-dieser-website\/#breadcrumb"},"inLanguage":"de","potentialAction":[{"@type":"ReadAction","target":["https:\/\/fozassessors.com\/de\/rechtliche-hinweise-und-informationen-zu-dieser-website\/"]}]},{"@type":"BreadcrumbList","@id":"https:\/\/fozassessors.com\/de\/rechtliche-hinweise-und-informationen-zu-dieser-website\/#breadcrumb","itemListElement":[{"@type":"ListItem","position":1,"name":"Portada","item":"https:\/\/fozassessors.com\/de\/"},{"@type":"ListItem","position":2,"name":"RECHTLICHE HINWEISE UND INFORMATIONEN ZU DIESER WEBSITE"}]},{"@type":"WebSite","@id":"https:\/\/fozassessors.com\/de\/#website","url":"https:\/\/fozassessors.com\/de\/","name":"Foz Assessors","description":"Foz Assessors","potentialAction":[{"@type":"SearchAction","target":{"@type":"EntryPoint","urlTemplate":"https:\/\/fozassessors.com\/de\/?s={search_term_string}"},"query-input":{"@type":"PropertyValueSpecification","valueRequired":true,"valueName":"search_term_string"}}],"inLanguage":"de"}]}},"_links":{"self":[{"href":"https:\/\/fozassessors.com\/de\/wp-json\/wp\/v2\/pages\/3701","targetHints":{"allow":["GET"]}}],"collection":[{"href":"https:\/\/fozassessors.com\/de\/wp-json\/wp\/v2\/pages"}],"about":[{"href":"https:\/\/fozassessors.com\/de\/wp-json\/wp\/v2\/types\/page"}],"author":[{"embeddable":true,"href":"https:\/\/fozassessors.com\/de\/wp-json\/wp\/v2\/users\/1"}],"replies":[{"embeddable":true,"href":"https:\/\/fozassessors.com\/de\/wp-json\/wp\/v2\/comments?post=3701"}],"version-history":[{"count":6,"href":"https:\/\/fozassessors.com\/de\/wp-json\/wp\/v2\/pages\/3701\/revisions"}],"predecessor-version":[{"id":4018,"href":"https:\/\/fozassessors.com\/de\/wp-json\/wp\/v2\/pages\/3701\/revisions\/4018"}],"wp:attachment":[{"href":"https:\/\/fozassessors.com\/de\/wp-json\/wp\/v2\/media?parent=3701"}],"curies":[{"name":"wp","href":"https:\/\/api.w.org\/{rel}","templated":true}]}}