{"id":3695,"date":"2020-11-10T17:07:42","date_gmt":"2020-11-10T17:07:42","guid":{"rendered":"https:\/\/fozassessors.com\/irpf\/"},"modified":"2022-02-04T09:28:29","modified_gmt":"2022-02-04T09:28:29","slug":"einkommensteuer","status":"publish","type":"page","link":"https:\/\/fozassessors.com\/de\/informationen\/einkommensteuer\/","title":{"rendered":"Einkommensteuer"},"content":{"rendered":"<div id='av_section_1'  class='avia-section main_color avia-section-default avia-no-border-styling  avia-full-stretch av-section-color-overlay-active avia-bg-style-scroll  avia-builder-el-0  el_before_av_section  avia-builder-el-first   container_wrap fullsize' style='background-repeat: no-repeat; background-image: url(https:\/\/fozassessors.com\/wp-content\/uploads\/2020\/11\/continents-695162_1280-1024x5121-1.jpg);background-attachment: scroll; background-position: center center;  '  data-section-bg-repeat='stretch'><div class='av-section-color-overlay-wrap'><div class='av-section-color-overlay' style='opacity: 0.4; background-color: #020202; '><\/div><div class='container' ><main  role=\"main\" itemprop=\"mainContentOfPage\"  class='template-page content  av-content-full alpha units'><div class='post-entry post-entry-type-page post-entry-3695'><div class='entry-content-wrapper clearfix'>\n<div  style='padding-bottom:10px; color:#ffffff;font-size:55px;' class='av-special-heading av-special-heading-h1 custom-color-heading blockquote modern-quote modern-centered  avia-builder-el-1  avia-builder-el-no-sibling  av-inherit-size '><h1 class='av-special-heading-tag '  itemprop=\"headline\"  >Einkommensteuer<\/h1><div class='special-heading-border'><div class='special-heading-inner-border' style='border-color:#ffffff'><\/div><\/div><\/div>\n\n<\/div><\/div><\/main><!-- close content main element --><\/div><\/div><\/div><div id='av_section_2'  class='avia-section main_color avia-section-default avia-no-border-styling  avia-bg-style-scroll  avia-builder-el-2  el_after_av_section  avia-builder-el-last   container_wrap fullsize' style=' '  ><div class='container' ><div class='template-page content  av-content-full alpha units'><div class='post-entry post-entry-type-page post-entry-3695'><div class='entry-content-wrapper clearfix'>\n<div class=\"flex_column av_one_full  flex_column_div av-zero-column-padding first  avia-builder-el-3  avia-builder-el-no-sibling  \" style='border-radius:0px; '><p><section class=\"av_textblock_section \"  itemscope=\"itemscope\" itemtype=\"https:\/\/schema.org\/CreativeWork\" ><div class='avia_textblock  '   itemprop=\"text\" ><p><strong>1.- Allgemeiner Einkommensteuertarif:<\/strong>Neu f\u00fcr 2022 ist, dass der Steuersatz f\u00fcr die Einkommensteuer 2022 (zahlbar im Jahr 2023) 47% f\u00fcr Einkommen \u00fcber 300.000 Euro betr\u00e4gt.<\/p>\n<p>Es gilt die neue allgemeine Skala wie folgt:<\/p>\n<\/div><\/section><br \/>\n<div class='avia-data-table-wrap avia_responsive_table'><table  class='avia-table avia-data-table avia-table-1  avia-builder-el-5  el_after_av_textblock  el_before_av_textblock  avia_pricing_default '  itemscope=\"itemscope\" itemtype=\"https:\/\/schema.org\/Table\" ><tbody><tr class='avia-heading-row'><th class=''>Bemessungsgrundlage bis Euros<br \/>\n<\/th><th class=''>Steuerschuld<br \/>\nEuros<br \/>\n<\/th><th class=''>Basis des progresiven Steuersatzes<br \/>\nbis euros<br \/>\n<\/th><th class=''>Steuersatz (%)<\/th><\/tr><tr class=''><td class=''>0,00<\/td><td class=''>0,00<\/td><td class=''>12.450,00<\/td><td class=''>9,50<\/td><\/tr><tr class=''><td class=''>12.450,00<\/td><td class=''>1.182,75<\/td><td class=''>7.750,00<\/td><td class=''>12,00<\/td><\/tr><tr class=''><td class=''>20.200,00<\/td><td class=''>2.112,75<\/td><td class=''>15.000,00<\/td><td class=''>15,00<\/td><\/tr><tr class=''><td class=''>35.200,00<\/td><td class=''>4.362,75<\/td><td class=''>24.800,00<\/td><td class=''>18,50<\/td><\/tr><tr class=''><td class=''>60.000,00<\/td><td class=''>8.950,75<\/td><td class=''>240.000,00<\/td><td class=''>22,50<\/td><\/tr><tr class=''><td class=''>300.000,00<\/td><td class=''>62.950,75<\/td><td class=''>Weiterf\u00fchrend<\/td><td class=''>24,50<\/td><\/tr><\/tbody><\/table><\/div><style type='text\/css'>.avia-table-1 td:nth-of-type(1):before { content: 'Bemessungsgrundlage bis Euros\n'; } .avia-table-1 td:nth-of-type(2):before { content: 'Steuerschuld\nEuros\n'; } .avia-table-1 td:nth-of-type(3):before { content: 'Basis des progresiven Steuersatzes\nbis euros\n'; } .avia-table-1 td:nth-of-type(4):before { content: 'Steuersatz (%)'; } <\/style><br \/>\n<section class=\"av_textblock_section \"  itemscope=\"itemscope\" itemtype=\"https:\/\/schema.org\/CreativeWork\" ><div class='avia_textblock  '   itemprop=\"text\" ><p>F\u00fcr Steuerzahler mit <strong>Wohnsitz auf den Balearen gilt im Jahr 2020 die folgende Regelung:<\/strong><\/p>\n<\/div><\/section><br \/>\n<div class='avia-data-table-wrap avia_responsive_table'><table  class='avia-table avia-data-table avia-table-2  avia-builder-el-7  el_after_av_textblock  el_before_av_textblock  avia_pricing_default '  itemscope=\"itemscope\" itemtype=\"https:\/\/schema.org\/Table\" ><tbody><tr class='avia-heading-row'><th class=''>ZU VERSTEURNDE EINKOMMEN VON<\/th><th class=''>STEUERSCHULD<br \/>\n(EUROS)<br \/>\n<\/th><th class=''>BASIS DES PROGRESIVEN STEUERSATZES<\/th><th class=''>STEUERSATZ<br \/>\n(%)<\/th><\/tr><tr class=''><td class=''>0,00<\/td><td class=''>0,00<\/td><td class=''>10.000,00<\/td><td class=''>9,50<\/td><\/tr><tr class=''><td class=''>10.000<\/td><td class=''>950<\/td><td class=''>8.000,00<\/td><td class=''>11,75<\/td><\/tr><tr class=''><td class=''>18.000<\/td><td class=''>1.890<\/td><td class=''>12.000<\/td><td class=''>14,75<\/td><\/tr><tr class=''><td class=''>30.000<\/td><td class=''>3.660<\/td><td class=''>18.000<\/td><td class=''>17,75<\/td><\/tr><tr class=''><td class=''>48.000<\/td><td class=''>6.855<\/td><td class=''>22.000<\/td><td class=''>19,25<\/td><\/tr><tr class=''><td class=''>70.000<\/td><td class=''>11.090<\/td><td class=''>20.000<\/td><td class=''>22,00<\/td><\/tr><tr class=''><td class=''>90.000<\/td><td class=''>15.490<\/td><td class=''>30.000<\/td><td class=''>23,00<\/td><\/tr><tr class=''><td class=''>120.000<\/td><td class=''>22.390<\/td><td class=''>55.000<\/td><td class=''>24,00<\/td><\/tr><tr class=''><td class=''>175.000<\/td><td class=''>35.590<\/td><td class=''>Weiterf\u00fchrend<\/td><td class=''>25,00<\/td><\/tr><\/tbody><\/table><\/div><style type='text\/css'>.avia-table-2 td:nth-of-type(1):before { content: 'ZU VERSTEURNDE EINKOMMEN VON'; } .avia-table-2 td:nth-of-type(2):before { content: 'STEUERSCHULD\n(EUROS)\n'; } .avia-table-2 td:nth-of-type(3):before { content: 'BASIS DES PROGRESIVEN STEUERSATZES'; } .avia-table-2 td:nth-of-type(4):before { content: 'STEUERSATZ\n(%)'; } <\/style><br \/>\n<section class=\"av_textblock_section \"  itemscope=\"itemscope\" itemtype=\"https:\/\/schema.org\/CreativeWork\" ><div class='avia_textblock  '   itemprop=\"text\" ><p><strong>2.-die Besteuerung von Ersparnissen<\/strong>, die sich auf die Besteuerung von Zinsen auf Konten, Dividenden und Kapitalgewinnen aus der \u00dcbertragung von Verm\u00f6genswerten auswirkt:<\/p>\n<\/div><\/section><br \/>\n<div class='avia-data-table-wrap avia_responsive_table'><table  class='avia-table avia-data-table avia-table-3  avia-builder-el-9  el_after_av_textblock  el_before_av_textblock  avia_pricing_default '  itemscope=\"itemscope\" itemtype=\"https:\/\/schema.org\/Table\" ><tbody><tr class='avia-heading-row'><th class=''> Bemessungsgrundlage der Erparnisse<br \/>\nbis Euros<br \/>\n<\/th><th class=''>Steuerschuld<br \/>\nEuros<br \/>\n<\/th><th class=''>Basis des progresiven Steuersatzes<br \/>\nbis Euros<br \/>\n<\/th><th class=''>Steuersatz<br \/>\n(%)<br \/>\n<\/th><\/tr><tr class=''><td class=''>0,00<\/td><td class=''>0,00<\/td><td class=''>6.000<\/td><td class=''>19<\/td><\/tr><tr class=''><td class=''>6.000,00<\/td><td class=''>1.14&#8242;<\/td><td class=''>44.000<\/td><td class=''>21<\/td><\/tr><tr class=''><td class=''>50.000,00<\/td><td class=''>10.380<\/td><td class=''>150.000<\/td><td class=''>23<\/td><\/tr><tr class=''><td class=''>200.000,00<\/td><td class=''>44.880<\/td><td class=''>Weiterf\u00fchrend<\/td><td class=''>26<\/td><\/tr><\/tbody><\/table><\/div><style type='text\/css'>.avia-table-3 td:nth-of-type(1):before { content: ' Bemessungsgrundlage der Erparnisse\nbis Euros\n'; } .avia-table-3 td:nth-of-type(2):before { content: 'Steuerschuld\nEuros\n'; } .avia-table-3 td:nth-of-type(3):before { content: 'Basis des progresiven Steuersatzes\nbis Euros\n'; } .avia-table-3 td:nth-of-type(4):before { content: 'Steuersatz\n(%)\n'; } <\/style><br \/>\n<section class=\"av_textblock_section \"  itemscope=\"itemscope\" itemtype=\"https:\/\/schema.org\/CreativeWork\" ><div class='avia_textblock  '   itemprop=\"text\" ><p><strong>3.- ABSCHAFFUNG DER ABZUGSM\u00d6GLICHKEIT\u00a0 F\u00dcR DEN ERWERB DES GEW\u00d6HNLICHEN WOHNSITZES: <\/strong>Eine \u00dcbergangsregelung wird f\u00fcr diejenigen aufrechterhalten, die vor dem 31. Dezember 2012 erworben oder vor diesem Datum Betr\u00e4ge f\u00fcr den Bau, die Erweiterung, die Sanierung oder die Ausf\u00fchrung von Arbeiten aus Behinderungsgr\u00fcnden an ihrem gew\u00f6hnlichen Aufenthaltsort gezahlt haben.<\/p>\n<\/div><\/section><\/p><\/div>\n","protected":false},"excerpt":{"rendered":"","protected":false},"author":1,"featured_media":0,"parent":3677,"menu_order":0,"comment_status":"closed","ping_status":"closed","template":"","meta":{"footnotes":""},"class_list":["post-3695","page","type-page","status-publish","hentry"],"yoast_head":"<!-- This site is optimized with the Yoast SEO plugin v26.7 - https:\/\/yoast.com\/wordpress\/plugins\/seo\/ -->\n<title>Einkommensteuer - Foz Assessors<\/title>\n<meta name=\"robots\" content=\"index, follow, max-snippet:-1, max-image-preview:large, max-video-preview:-1\" \/>\n<link rel=\"canonical\" href=\"https:\/\/fozassessors.com\/de\/informationen\/einkommensteuer\/\" \/>\n<meta property=\"og:locale\" content=\"de_DE\" \/>\n<meta property=\"og:type\" content=\"article\" \/>\n<meta property=\"og:title\" content=\"Einkommensteuer - Foz Assessors\" \/>\n<meta property=\"og:url\" content=\"https:\/\/fozassessors.com\/de\/informationen\/einkommensteuer\/\" \/>\n<meta property=\"og:site_name\" content=\"Foz Assessors\" \/>\n<meta property=\"article:modified_time\" content=\"2022-02-04T09:28:29+00:00\" \/>\n<meta name=\"twitter:card\" content=\"summary_large_image\" \/>\n<meta name=\"twitter:label1\" content=\"Gesch\u00e4tzte Lesezeit\" \/>\n\t<meta name=\"twitter:data1\" content=\"3\u00a0Minuten\" \/>\n<script type=\"application\/ld+json\" class=\"yoast-schema-graph\">{\"@context\":\"https:\/\/schema.org\",\"@graph\":[{\"@type\":\"WebPage\",\"@id\":\"https:\/\/fozassessors.com\/de\/informationen\/einkommensteuer\/\",\"url\":\"https:\/\/fozassessors.com\/de\/informationen\/einkommensteuer\/\",\"name\":\"Einkommensteuer - Foz Assessors\",\"isPartOf\":{\"@id\":\"https:\/\/fozassessors.com\/de\/#website\"},\"datePublished\":\"2020-11-10T17:07:42+00:00\",\"dateModified\":\"2022-02-04T09:28:29+00:00\",\"breadcrumb\":{\"@id\":\"https:\/\/fozassessors.com\/de\/informationen\/einkommensteuer\/#breadcrumb\"},\"inLanguage\":\"de\",\"potentialAction\":[{\"@type\":\"ReadAction\",\"target\":[\"https:\/\/fozassessors.com\/de\/informationen\/einkommensteuer\/\"]}]},{\"@type\":\"BreadcrumbList\",\"@id\":\"https:\/\/fozassessors.com\/de\/informationen\/einkommensteuer\/#breadcrumb\",\"itemListElement\":[{\"@type\":\"ListItem\",\"position\":1,\"name\":\"Portada\",\"item\":\"https:\/\/fozassessors.com\/de\/\"},{\"@type\":\"ListItem\",\"position\":2,\"name\":\"Informationen\",\"item\":\"https:\/\/fozassessors.com\/de\/informationen\/\"},{\"@type\":\"ListItem\",\"position\":3,\"name\":\"Einkommensteuer\"}]},{\"@type\":\"WebSite\",\"@id\":\"https:\/\/fozassessors.com\/de\/#website\",\"url\":\"https:\/\/fozassessors.com\/de\/\",\"name\":\"Foz Assessors\",\"description\":\"Foz Assessors\",\"potentialAction\":[{\"@type\":\"SearchAction\",\"target\":{\"@type\":\"EntryPoint\",\"urlTemplate\":\"https:\/\/fozassessors.com\/de\/?s={search_term_string}\"},\"query-input\":{\"@type\":\"PropertyValueSpecification\",\"valueRequired\":true,\"valueName\":\"search_term_string\"}}],\"inLanguage\":\"de\"}]}<\/script>\n<!-- \/ Yoast SEO plugin. -->","yoast_head_json":{"title":"Einkommensteuer - Foz Assessors","robots":{"index":"index","follow":"follow","max-snippet":"max-snippet:-1","max-image-preview":"max-image-preview:large","max-video-preview":"max-video-preview:-1"},"canonical":"https:\/\/fozassessors.com\/de\/informationen\/einkommensteuer\/","og_locale":"de_DE","og_type":"article","og_title":"Einkommensteuer - Foz Assessors","og_url":"https:\/\/fozassessors.com\/de\/informationen\/einkommensteuer\/","og_site_name":"Foz Assessors","article_modified_time":"2022-02-04T09:28:29+00:00","twitter_card":"summary_large_image","twitter_misc":{"Gesch\u00e4tzte Lesezeit":"3\u00a0Minuten"},"schema":{"@context":"https:\/\/schema.org","@graph":[{"@type":"WebPage","@id":"https:\/\/fozassessors.com\/de\/informationen\/einkommensteuer\/","url":"https:\/\/fozassessors.com\/de\/informationen\/einkommensteuer\/","name":"Einkommensteuer - Foz Assessors","isPartOf":{"@id":"https:\/\/fozassessors.com\/de\/#website"},"datePublished":"2020-11-10T17:07:42+00:00","dateModified":"2022-02-04T09:28:29+00:00","breadcrumb":{"@id":"https:\/\/fozassessors.com\/de\/informationen\/einkommensteuer\/#breadcrumb"},"inLanguage":"de","potentialAction":[{"@type":"ReadAction","target":["https:\/\/fozassessors.com\/de\/informationen\/einkommensteuer\/"]}]},{"@type":"BreadcrumbList","@id":"https:\/\/fozassessors.com\/de\/informationen\/einkommensteuer\/#breadcrumb","itemListElement":[{"@type":"ListItem","position":1,"name":"Portada","item":"https:\/\/fozassessors.com\/de\/"},{"@type":"ListItem","position":2,"name":"Informationen","item":"https:\/\/fozassessors.com\/de\/informationen\/"},{"@type":"ListItem","position":3,"name":"Einkommensteuer"}]},{"@type":"WebSite","@id":"https:\/\/fozassessors.com\/de\/#website","url":"https:\/\/fozassessors.com\/de\/","name":"Foz Assessors","description":"Foz Assessors","potentialAction":[{"@type":"SearchAction","target":{"@type":"EntryPoint","urlTemplate":"https:\/\/fozassessors.com\/de\/?s={search_term_string}"},"query-input":{"@type":"PropertyValueSpecification","valueRequired":true,"valueName":"search_term_string"}}],"inLanguage":"de"}]}},"_links":{"self":[{"href":"https:\/\/fozassessors.com\/de\/wp-json\/wp\/v2\/pages\/3695","targetHints":{"allow":["GET"]}}],"collection":[{"href":"https:\/\/fozassessors.com\/de\/wp-json\/wp\/v2\/pages"}],"about":[{"href":"https:\/\/fozassessors.com\/de\/wp-json\/wp\/v2\/types\/page"}],"author":[{"embeddable":true,"href":"https:\/\/fozassessors.com\/de\/wp-json\/wp\/v2\/users\/1"}],"replies":[{"embeddable":true,"href":"https:\/\/fozassessors.com\/de\/wp-json\/wp\/v2\/comments?post=3695"}],"version-history":[{"count":13,"href":"https:\/\/fozassessors.com\/de\/wp-json\/wp\/v2\/pages\/3695\/revisions"}],"predecessor-version":[{"id":4102,"href":"https:\/\/fozassessors.com\/de\/wp-json\/wp\/v2\/pages\/3695\/revisions\/4102"}],"up":[{"embeddable":true,"href":"https:\/\/fozassessors.com\/de\/wp-json\/wp\/v2\/pages\/3677"}],"wp:attachment":[{"href":"https:\/\/fozassessors.com\/de\/wp-json\/wp\/v2\/media?parent=3695"}],"curies":[{"name":"wp","href":"https:\/\/api.w.org\/{rel}","templated":true}]}}