{"id":3689,"date":"2020-11-10T17:26:43","date_gmt":"2020-11-10T17:26:43","guid":{"rendered":"https:\/\/fozassessors.com\/irnr\/"},"modified":"2021-01-12T12:52:14","modified_gmt":"2021-01-12T12:52:14","slug":"steuer-fur-nicht-residenten","status":"publish","type":"page","link":"https:\/\/fozassessors.com\/de\/informationen\/steuer-fur-nicht-residenten\/","title":{"rendered":"Steuer f\u00fcr Nicht-Residenten"},"content":{"rendered":"<div id='av_section_1'  class='avia-section main_color avia-section-default avia-no-border-styling  avia-full-stretch av-section-color-overlay-active avia-bg-style-scroll  avia-builder-el-0  el_before_av_section  avia-builder-el-first   container_wrap fullsize' style='background-repeat: no-repeat; background-image: url(https:\/\/fozassessors.com\/wp-content\/uploads\/2020\/11\/continents-695162_1280-1024x5121-1.jpg);background-attachment: scroll; background-position: center center;  '  data-section-bg-repeat='stretch'><div class='av-section-color-overlay-wrap'><div class='av-section-color-overlay' style='opacity: 0.4; background-color: #020202; '><\/div><div class='container' ><main  role=\"main\" itemprop=\"mainContentOfPage\"  class='template-page content  av-content-full alpha units'><div class='post-entry post-entry-type-page post-entry-3689'><div class='entry-content-wrapper clearfix'>\n<div  style='padding-bottom:10px; color:#ffffff;font-size:55px;' class='av-special-heading av-special-heading-h1 custom-color-heading blockquote modern-quote modern-centered  avia-builder-el-1  avia-builder-el-no-sibling  av-inherit-size '><h1 class='av-special-heading-tag '  itemprop=\"headline\"  >Steuer f\u00fcr Nicht-Residenten<\/h1><div class='special-heading-border'><div class='special-heading-inner-border' style='border-color:#ffffff'><\/div><\/div><\/div>\n\n<\/div><\/div><\/main><!-- close content main element --><\/div><\/div><\/div><div id='av_section_2'  class='avia-section main_color avia-section-default avia-no-border-styling  avia-bg-style-scroll  avia-builder-el-2  el_after_av_section  avia-builder-el-last   container_wrap fullsize' style=' '  ><div class='container' ><div class='template-page content  av-content-full alpha units'><div class='post-entry post-entry-type-page post-entry-3689'><div class='entry-content-wrapper clearfix'>\n<div class=\"flex_column av_one_full  flex_column_div av-zero-column-padding first  avia-builder-el-3  avia-builder-el-no-sibling  \" style='border-radius:0px; '><section class=\"av_textblock_section \"  itemscope=\"itemscope\" itemtype=\"https:\/\/schema.org\/CreativeWork\" ><div class='avia_textblock  '   itemprop=\"text\" ><p><strong>EINKOMMENSTEUER F\u00dcR NICHT-RESIDENTEN:<\/strong><\/p>\n<p>Der ALLGEMEINE STEUERSATZ betr\u00e4gt 24 %.<\/p>\n<p>F\u00fcr Residenten in der EU, Norwegen und Island betr\u00e4gt die Besteuerung 19 %.<\/p>\n<p>Im Hinblick auf die Besteuerung von st\u00e4dtischen Geb\u00e4uden, die im Besitz von nicht ans\u00e4ssigen Privatpersonen sind, wenn diese Immobilien nicht vermietet sind, wird trotzdem ein fiktives &#8222;Einkommen&#8220; in H\u00f6he von 2 % des Katasterwerts berechnet, oder 1,1 % des Katasterwerts, wenn dieser Wert innerhalb der letzten 10 Jahre revidiert wurde. Die auf dieses resultierende Einkommen anzuwendende Besteuerung betr\u00e4gt 19 % oder 24 %, je nach Wohnsitz des Steuerzahlers, wie oben erl\u00e4utert.<\/p>\n<p><strong>KAPITALERTRAGSSTEUER F\u00dcR NICHT-RESIDENTEN<\/strong><\/p>\n<p>Der Ver\u00e4usserungsgewinn aus dem Verkauf von Immobilien unterliegt einer allgemeinen Besteuerung von 19 %.<\/p>\n<p>Es gibt eine Steuerbefreiung, die f\u00fcr 50 % der Kapitalgewinne aus dem Verkauf von st\u00e4dtischen Immobilien in Spanien gilt, die zwischen dem 12. Mai 2012 und dem 31. Dezember 2012 erworben wurden, allerdings gibt es einige Einschr\u00e4nkungen f\u00fcr diese Befreiung.<\/p>\n<p>Bei der Berechnung des Kapitalgewinns werden der Preis und die Kosten des Kaufs sowie der Nettowert der Ver\u00e4u\u00dferung ber\u00fccksichtigt, aber das Finanzamt kann unter bestimmten Umst\u00e4nden den Wert der Ver\u00e4u\u00dferung bewerten und \u00fcberpr\u00fcfen und den Kapitalgewinn neu berechnen. Es gibt einen obligatorischen Einbehalt von 3 % des Verkaufspreises, der vom K\u00e4ufer an das Finanzamt zu zahlen ist, aufgrund des Ver\u00e4usserungsgewinns des Verk\u00e4ufers<\/p>\n<p><strong>VERM\u00d6GENSSTEUER F\u00dcR NICHT-RESIDENTEN<\/strong><\/p>\n<p>Die Verm\u00f6genssteuer f\u00fcr Nicht-Residenten ist <strong>jeweils am 31. Dezember f\u00e4llig und wird in Bezug auf die Immobilien und Rechte<\/strong> am Ende eines jeden Jahres erhoben.<\/p>\n<p>Im Allgemeinen gilt der Mindestfreibetrag von 700.000,- Euro und dar\u00fcber hinaus muss Verm\u00f6genssteuer gezahlt werden.<\/p>\n<p>Nach dem Gesetz \u00fcber die Verm\u00f6genssteuer vom 6. Juni 19\/1991 m\u00fcssen die Nicht-Residenten Verm\u00f6genssteuer auf die G\u00fcter und Verm\u00f6genswerte in ihrem Namen zahlen, die <em>&#8222;auf spanischem Boden liegen oder ausge\u00fcbt oder erf\u00fcllt werden k\u00f6nnen<\/em>&#8220; (Artikel 5.1.b)<\/p>\n<p>Die zus\u00e4tzliche Regel vier des gleichen Gesetzes regelt:<\/p>\n<p><em>&#8222;Die nicht ans\u00e4ssigen Steuerzahler, die in einem Land ans\u00e4ssig sind, das Mitglied der Europ\u00e4ischen Union oder des Europ\u00e4ischen Wirtschaftsraums ist, <u>haben das Recht,<\/u> die Regeln anzuwenden, die von der Autonomen Region genehmigt wurden, in der der Hauptwert der Rechte und Verm\u00f6genswerte liegt und f\u00fcr die die Steuern verlangt werden, weil diese auf spanischem Gebiet liegen, ausge\u00fcbt werden k\u00f6nnen oder erf\u00fcllt werden m\u00fcssen&#8220;<\/em><\/p>\n<p>In der Folge k\u00f6nnen die betreffenden Steuerzahler zwischen der Anwendung der allgemeinen staatlichen spanischen Vorschrift oder der Vorschrift f\u00fcr die autonome Region, in der sich die Mehrheit des Verm\u00f6gens befindet, w\u00e4hlen.<\/p>\n<p>Nicht ans\u00e4ssige Steuerzahler, die sich in einer der folgenden Situationen befinden, sind verpflichtet, eine Verm\u00f6genssteuererkl\u00e4rung abzugeben:<\/p>\n<p>&#8211; Ihre Bemessungsgrundlage, die in \u00dcbereinstimmung mit den Vorschriften f\u00fcr diese Steuer ermittelt wird, und nachdem die entsprechenden Abz\u00fcge oder Freibetr\u00e4ge angewandt wurden, resultiert in Steuerpflicht<\/p>\n<p>ODER \u00a0wenn die obige Bedingung nicht vorliegt und<\/p>\n<p>&#8211; Wenn die Verm\u00f6genswerte oder Rechte, die nach den Regeln der Steuer bestimmt werden, gr\u00f6\u00dfer als 2.000.000 Euro ist.<\/p>\n<p>das oben genannte ist nur ein \u00dcberblick \u00fcber die Grundlagen. wenn Sie die vollst\u00e4ndigen Informationen und die auf Ihren Fall zutreffende Beratung w\u00fcnschen, <a href=\"https:\/\/fozassessors.com\/de\/kontakt\/\"><u>kontaktieren Sie uns bitte.<\/u><\/a><\/p>\n<\/div><\/section><\/div>\n","protected":false},"excerpt":{"rendered":"","protected":false},"author":1,"featured_media":0,"parent":3677,"menu_order":0,"comment_status":"closed","ping_status":"closed","template":"","meta":{"footnotes":""},"class_list":["post-3689","page","type-page","status-publish","hentry"],"yoast_head":"<!-- This site is optimized with the Yoast SEO plugin v26.7 - https:\/\/yoast.com\/wordpress\/plugins\/seo\/ -->\n<title>Steuer f\u00fcr Nicht-Residenten - Foz Assessors<\/title>\n<meta name=\"robots\" content=\"index, follow, max-snippet:-1, max-image-preview:large, max-video-preview:-1\" \/>\n<link rel=\"canonical\" href=\"https:\/\/fozassessors.com\/de\/informationen\/steuer-fur-nicht-residenten\/\" \/>\n<meta property=\"og:locale\" content=\"de_DE\" \/>\n<meta property=\"og:type\" content=\"article\" \/>\n<meta property=\"og:title\" content=\"Steuer f\u00fcr Nicht-Residenten - Foz Assessors\" \/>\n<meta property=\"og:url\" content=\"https:\/\/fozassessors.com\/de\/informationen\/steuer-fur-nicht-residenten\/\" \/>\n<meta property=\"og:site_name\" content=\"Foz Assessors\" \/>\n<meta property=\"article:modified_time\" content=\"2021-01-12T12:52:14+00:00\" \/>\n<meta name=\"twitter:card\" content=\"summary_large_image\" \/>\n<meta name=\"twitter:label1\" content=\"Gesch\u00e4tzte Lesezeit\" \/>\n\t<meta name=\"twitter:data1\" content=\"5\u00a0Minuten\" \/>\n<script type=\"application\/ld+json\" class=\"yoast-schema-graph\">{\"@context\":\"https:\/\/schema.org\",\"@graph\":[{\"@type\":\"WebPage\",\"@id\":\"https:\/\/fozassessors.com\/de\/informationen\/steuer-fur-nicht-residenten\/\",\"url\":\"https:\/\/fozassessors.com\/de\/informationen\/steuer-fur-nicht-residenten\/\",\"name\":\"Steuer f\u00fcr Nicht-Residenten - Foz Assessors\",\"isPartOf\":{\"@id\":\"https:\/\/fozassessors.com\/de\/#website\"},\"datePublished\":\"2020-11-10T17:26:43+00:00\",\"dateModified\":\"2021-01-12T12:52:14+00:00\",\"breadcrumb\":{\"@id\":\"https:\/\/fozassessors.com\/de\/informationen\/steuer-fur-nicht-residenten\/#breadcrumb\"},\"inLanguage\":\"de\",\"potentialAction\":[{\"@type\":\"ReadAction\",\"target\":[\"https:\/\/fozassessors.com\/de\/informationen\/steuer-fur-nicht-residenten\/\"]}]},{\"@type\":\"BreadcrumbList\",\"@id\":\"https:\/\/fozassessors.com\/de\/informationen\/steuer-fur-nicht-residenten\/#breadcrumb\",\"itemListElement\":[{\"@type\":\"ListItem\",\"position\":1,\"name\":\"Portada\",\"item\":\"https:\/\/fozassessors.com\/de\/\"},{\"@type\":\"ListItem\",\"position\":2,\"name\":\"Informationen\",\"item\":\"https:\/\/fozassessors.com\/de\/informationen\/\"},{\"@type\":\"ListItem\",\"position\":3,\"name\":\"Steuer f\u00fcr Nicht-Residenten\"}]},{\"@type\":\"WebSite\",\"@id\":\"https:\/\/fozassessors.com\/de\/#website\",\"url\":\"https:\/\/fozassessors.com\/de\/\",\"name\":\"Foz Assessors\",\"description\":\"Foz Assessors\",\"potentialAction\":[{\"@type\":\"SearchAction\",\"target\":{\"@type\":\"EntryPoint\",\"urlTemplate\":\"https:\/\/fozassessors.com\/de\/?s={search_term_string}\"},\"query-input\":{\"@type\":\"PropertyValueSpecification\",\"valueRequired\":true,\"valueName\":\"search_term_string\"}}],\"inLanguage\":\"de\"}]}<\/script>\n<!-- \/ Yoast SEO plugin. -->","yoast_head_json":{"title":"Steuer f\u00fcr Nicht-Residenten - Foz Assessors","robots":{"index":"index","follow":"follow","max-snippet":"max-snippet:-1","max-image-preview":"max-image-preview:large","max-video-preview":"max-video-preview:-1"},"canonical":"https:\/\/fozassessors.com\/de\/informationen\/steuer-fur-nicht-residenten\/","og_locale":"de_DE","og_type":"article","og_title":"Steuer f\u00fcr Nicht-Residenten - Foz Assessors","og_url":"https:\/\/fozassessors.com\/de\/informationen\/steuer-fur-nicht-residenten\/","og_site_name":"Foz Assessors","article_modified_time":"2021-01-12T12:52:14+00:00","twitter_card":"summary_large_image","twitter_misc":{"Gesch\u00e4tzte Lesezeit":"5\u00a0Minuten"},"schema":{"@context":"https:\/\/schema.org","@graph":[{"@type":"WebPage","@id":"https:\/\/fozassessors.com\/de\/informationen\/steuer-fur-nicht-residenten\/","url":"https:\/\/fozassessors.com\/de\/informationen\/steuer-fur-nicht-residenten\/","name":"Steuer f\u00fcr Nicht-Residenten - Foz Assessors","isPartOf":{"@id":"https:\/\/fozassessors.com\/de\/#website"},"datePublished":"2020-11-10T17:26:43+00:00","dateModified":"2021-01-12T12:52:14+00:00","breadcrumb":{"@id":"https:\/\/fozassessors.com\/de\/informationen\/steuer-fur-nicht-residenten\/#breadcrumb"},"inLanguage":"de","potentialAction":[{"@type":"ReadAction","target":["https:\/\/fozassessors.com\/de\/informationen\/steuer-fur-nicht-residenten\/"]}]},{"@type":"BreadcrumbList","@id":"https:\/\/fozassessors.com\/de\/informationen\/steuer-fur-nicht-residenten\/#breadcrumb","itemListElement":[{"@type":"ListItem","position":1,"name":"Portada","item":"https:\/\/fozassessors.com\/de\/"},{"@type":"ListItem","position":2,"name":"Informationen","item":"https:\/\/fozassessors.com\/de\/informationen\/"},{"@type":"ListItem","position":3,"name":"Steuer f\u00fcr Nicht-Residenten"}]},{"@type":"WebSite","@id":"https:\/\/fozassessors.com\/de\/#website","url":"https:\/\/fozassessors.com\/de\/","name":"Foz Assessors","description":"Foz Assessors","potentialAction":[{"@type":"SearchAction","target":{"@type":"EntryPoint","urlTemplate":"https:\/\/fozassessors.com\/de\/?s={search_term_string}"},"query-input":{"@type":"PropertyValueSpecification","valueRequired":true,"valueName":"search_term_string"}}],"inLanguage":"de"}]}},"_links":{"self":[{"href":"https:\/\/fozassessors.com\/de\/wp-json\/wp\/v2\/pages\/3689","targetHints":{"allow":["GET"]}}],"collection":[{"href":"https:\/\/fozassessors.com\/de\/wp-json\/wp\/v2\/pages"}],"about":[{"href":"https:\/\/fozassessors.com\/de\/wp-json\/wp\/v2\/types\/page"}],"author":[{"embeddable":true,"href":"https:\/\/fozassessors.com\/de\/wp-json\/wp\/v2\/users\/1"}],"replies":[{"embeddable":true,"href":"https:\/\/fozassessors.com\/de\/wp-json\/wp\/v2\/comments?post=3689"}],"version-history":[{"count":6,"href":"https:\/\/fozassessors.com\/de\/wp-json\/wp\/v2\/pages\/3689\/revisions"}],"predecessor-version":[{"id":4056,"href":"https:\/\/fozassessors.com\/de\/wp-json\/wp\/v2\/pages\/3689\/revisions\/4056"}],"up":[{"embeddable":true,"href":"https:\/\/fozassessors.com\/de\/wp-json\/wp\/v2\/pages\/3677"}],"wp:attachment":[{"href":"https:\/\/fozassessors.com\/de\/wp-json\/wp\/v2\/media?parent=3689"}],"curies":[{"name":"wp","href":"https:\/\/api.w.org\/{rel}","templated":true}]}}