{"id":3671,"date":"2020-11-11T08:20:49","date_gmt":"2020-11-11T08:20:49","guid":{"rendered":"https:\/\/fozassessors.com\/impuesto-de-transmisiones\/"},"modified":"2023-04-03T10:21:34","modified_gmt":"2023-04-03T10:21:34","slug":"ubertragungssteuer","status":"publish","type":"page","link":"https:\/\/fozassessors.com\/de\/informationen\/ubertragungssteuer\/","title":{"rendered":"\u00dcbertragungssteuer"},"content":{"rendered":"<div id='av_section_1'  class='avia-section main_color avia-section-default avia-no-border-styling  avia-full-stretch av-section-color-overlay-active avia-bg-style-scroll  avia-builder-el-0  el_before_av_section  avia-builder-el-first   container_wrap fullsize' style='background-repeat: no-repeat; background-image: url(https:\/\/fozassessors.com\/wp-content\/uploads\/2020\/11\/continents-695162_1280-1024x5121-1.jpg);background-attachment: scroll; background-position: center center;  '  data-section-bg-repeat='stretch'><div class='av-section-color-overlay-wrap'><div class='av-section-color-overlay' style='opacity: 0.4; background-color: #020202; '><\/div><div class='container' ><main  role=\"main\" itemprop=\"mainContentOfPage\"  class='template-page content  av-content-full alpha units'><div class='post-entry post-entry-type-page post-entry-3671'><div class='entry-content-wrapper clearfix'>\n<div  style='padding-bottom:10px; color:#ffffff;font-size:55px;' class='av-special-heading av-special-heading-h1 custom-color-heading blockquote modern-quote modern-centered  avia-builder-el-1  avia-builder-el-no-sibling  av-inherit-size '><h1 class='av-special-heading-tag '  itemprop=\"headline\"  >\u00dcbertragungssteuer<\/h1><div class='special-heading-border'><div class='special-heading-inner-border' style='border-color:#ffffff'><\/div><\/div><\/div>\n\n<\/div><\/div><\/main><!-- close content main element --><\/div><\/div><\/div><div id='av_section_2'  class='avia-section main_color avia-section-default avia-no-border-styling  avia-bg-style-scroll  avia-builder-el-2  el_after_av_section  avia-builder-el-last   container_wrap fullsize' style=' '  ><div class='container' ><div class='template-page content  av-content-full alpha units'><div class='post-entry post-entry-type-page post-entry-3671'><div class='entry-content-wrapper clearfix'>\n<div class=\"flex_column av_one_full  flex_column_div av-zero-column-padding first  avia-builder-el-3  avia-builder-el-no-sibling  \" style='border-radius:0px; '><p><section class=\"av_textblock_section \"  itemscope=\"itemscope\" itemtype=\"https:\/\/schema.org\/CreativeWork\" ><div class='avia_textblock  '   itemprop=\"text\" ><p><strong>In Anwendung des Gesetzes 31\/2022 vom 25. Dezember \u00fcber den Gesamthaushalt der Autonomen Gemeinschaft der Balearischen Inseln f\u00fcr das Jahr 2023.<\/strong><\/p>\n<p><strong>Anwendbarer Steuersatz in Form von\u00a0entgeltlichen Eigentums\u00fcbertragungen (belastende \u00dcbertragungen von Grundbesitz und Ver\u00e4u\u00dferung oder Bestellung von dinglichen Rechten).<\/strong><\/p>\n<p>Der Steuersatz ist der Durchschnittssatz, der sich aus der Anwendung des folgenden Satzes nach dem tats\u00e4chlichen oder deklarierten Wert ergibt \u2013 wenn dieser h\u00f6her ist als der tats\u00e4chliche Wert des Grundbesitzes, der Gegenstand der \u00dcbertragung oder Ver\u00e4u\u00dferung oder Bestellung von dinglichen Rechten).<\/p>\n<\/div><\/section><br \/>\n<div class='avia-data-table-wrap avia_responsive_table'><table  class='avia-table avia-data-table avia-table-1  avia-builder-el-5  el_after_av_textblock  el_before_av_textblock  avia_pricing_default '  itemscope=\"itemscope\" itemtype=\"https:\/\/schema.org\/Table\" ><tbody><tr class='avia-heading-row'><th class=''>Immobilienwert von<br \/>\n(euros)<\/th><th class=''>Betr\u00e4gt die Steuer<br \/>\n(euros)<\/th><th class=''>Ab einem Verm\u00f6gen von<br \/>\n(euros)<\/th><th class=''>anwendbarer Steuersatz<br \/>\n(%)<\/th><\/tr><tr class=''><td class=''>0,00<\/td><td class=''>0,00<\/td><td class=''>400.000,00<\/td><td class=''>8,00<\/td><\/tr><tr class=''><td class=''>400.000,01<\/td><td class=''>32.000,00<\/td><td class=''>200.000,00<\/td><td class=''>9,00<\/td><\/tr><tr class=''><td class=''>600.000,01<\/td><td class=''>50.000,00<\/td><td class=''>400.000,00<\/td><td class=''>10,00<\/td><\/tr><tr class=''><td class=''>1.000.000,01<\/td><td class=''>90.000,00<\/td><td class=''>2.000.000,00<\/td><td class=''>12<\/td><\/tr><tr class=''><td class=''>2.000.000,01<\/td><td class=''>210.000,00<\/td><td class=''>Weiterf\u00fchrend<\/td><td class=''>13<\/td><\/tr><\/tbody><\/table><\/div><style type='text\/css'>.avia-table-1 td:nth-of-type(1):before { content: 'Immobilienwert von\n(euros)'; } .avia-table-1 td:nth-of-type(2):before { content: 'Betr\u00e4gt die Steuer\n(euros)'; } .avia-table-1 td:nth-of-type(3):before { content: 'Ab einem Verm\u00f6gen von\n(euros)'; } .avia-table-1 td:nth-of-type(4):before { content: 'anwendbarer Steuersatz\n(%)'; } <\/style><br \/>\n<section class=\"av_textblock_section \"  itemscope=\"itemscope\" itemtype=\"https:\/\/schema.org\/CreativeWork\" ><div class='avia_textblock  '   itemprop=\"text\" ><p><strong>Reduzierter Satz von 5 %: wenn der reale oder der angegebene Wert \u2013 falls dieser h\u00f6her als der reale Wert ist \u2013 der Immobilie 200.000 Euro oder weniger betr\u00e4gt, und unter der Voraussetzung, dass die erworbene Immobilie zum Zeitpunkt des Erwerbs den gew\u00f6hnlichen Wohnsitz des Erwerbers gem\u00e4\u00df den Bestimmungen der Einkommenssteuervorschriften darstellt<\/strong> und der Erwerber kein anderes Eigentums- oder Nutzungsrecht an einer anderen Wohnung besa\u00df<\/p>\n<p><strong>\u00a0<\/strong><\/p>\n<\/div><\/section><br \/>\n<section class=\"av_textblock_section \"  itemscope=\"itemscope\" itemtype=\"https:\/\/schema.org\/CreativeWork\" ><div class='avia_textblock  '   itemprop=\"text\" ><p>In notariellen Dokumenten: 1,5%.<\/p>\n<\/div><\/section><br \/>\n<section class=\"av_textblock_section \"  itemscope=\"itemscope\" itemtype=\"https:\/\/schema.org\/CreativeWork\" ><div class='avia_textblock  '   itemprop=\"text\" ><p>Um die anderen Sonderformen der Eigentums\u00fcbertragung und dokumentierte Rechtsakte zu konsultieren, klicken Sie\u00a0<a href=\"https:\/\/www.atib.es\/TA\/contenido.aspx?Id=9854\">hier<\/a><\/p>\n<\/div><\/section><\/p><\/div>\n","protected":false},"excerpt":{"rendered":"","protected":false},"author":1,"featured_media":0,"parent":3677,"menu_order":0,"comment_status":"closed","ping_status":"closed","template":"","meta":{"footnotes":""},"class_list":["post-3671","page","type-page","status-publish","hentry"],"yoast_head":"<!-- This site is optimized with the Yoast SEO plugin v26.7 - https:\/\/yoast.com\/wordpress\/plugins\/seo\/ -->\n<title>\u00dcbertragungssteuer - Foz Assessors<\/title>\n<meta name=\"robots\" content=\"index, follow, max-snippet:-1, max-image-preview:large, max-video-preview:-1\" \/>\n<link rel=\"canonical\" href=\"https:\/\/fozassessors.com\/de\/informationen\/ubertragungssteuer\/\" \/>\n<meta property=\"og:locale\" content=\"de_DE\" \/>\n<meta property=\"og:type\" content=\"article\" \/>\n<meta property=\"og:title\" content=\"\u00dcbertragungssteuer - Foz Assessors\" \/>\n<meta property=\"og:url\" content=\"https:\/\/fozassessors.com\/de\/informationen\/ubertragungssteuer\/\" \/>\n<meta property=\"og:site_name\" content=\"Foz Assessors\" \/>\n<meta property=\"article:modified_time\" content=\"2023-04-03T10:21:34+00:00\" \/>\n<meta name=\"twitter:card\" content=\"summary_large_image\" \/>\n<meta name=\"twitter:label1\" content=\"Gesch\u00e4tzte Lesezeit\" \/>\n\t<meta name=\"twitter:data1\" content=\"2\u00a0Minuten\" \/>\n<script type=\"application\/ld+json\" class=\"yoast-schema-graph\">{\"@context\":\"https:\/\/schema.org\",\"@graph\":[{\"@type\":\"WebPage\",\"@id\":\"https:\/\/fozassessors.com\/de\/informationen\/ubertragungssteuer\/\",\"url\":\"https:\/\/fozassessors.com\/de\/informationen\/ubertragungssteuer\/\",\"name\":\"\u00dcbertragungssteuer - Foz Assessors\",\"isPartOf\":{\"@id\":\"https:\/\/fozassessors.com\/de\/#website\"},\"datePublished\":\"2020-11-11T08:20:49+00:00\",\"dateModified\":\"2023-04-03T10:21:34+00:00\",\"breadcrumb\":{\"@id\":\"https:\/\/fozassessors.com\/de\/informationen\/ubertragungssteuer\/#breadcrumb\"},\"inLanguage\":\"de\",\"potentialAction\":[{\"@type\":\"ReadAction\",\"target\":[\"https:\/\/fozassessors.com\/de\/informationen\/ubertragungssteuer\/\"]}]},{\"@type\":\"BreadcrumbList\",\"@id\":\"https:\/\/fozassessors.com\/de\/informationen\/ubertragungssteuer\/#breadcrumb\",\"itemListElement\":[{\"@type\":\"ListItem\",\"position\":1,\"name\":\"Portada\",\"item\":\"https:\/\/fozassessors.com\/de\/\"},{\"@type\":\"ListItem\",\"position\":2,\"name\":\"Informationen\",\"item\":\"https:\/\/fozassessors.com\/de\/informationen\/\"},{\"@type\":\"ListItem\",\"position\":3,\"name\":\"\u00dcbertragungssteuer\"}]},{\"@type\":\"WebSite\",\"@id\":\"https:\/\/fozassessors.com\/de\/#website\",\"url\":\"https:\/\/fozassessors.com\/de\/\",\"name\":\"Foz Assessors\",\"description\":\"Foz Assessors\",\"potentialAction\":[{\"@type\":\"SearchAction\",\"target\":{\"@type\":\"EntryPoint\",\"urlTemplate\":\"https:\/\/fozassessors.com\/de\/?s={search_term_string}\"},\"query-input\":{\"@type\":\"PropertyValueSpecification\",\"valueRequired\":true,\"valueName\":\"search_term_string\"}}],\"inLanguage\":\"de\"}]}<\/script>\n<!-- \/ Yoast SEO plugin. -->","yoast_head_json":{"title":"\u00dcbertragungssteuer - Foz Assessors","robots":{"index":"index","follow":"follow","max-snippet":"max-snippet:-1","max-image-preview":"max-image-preview:large","max-video-preview":"max-video-preview:-1"},"canonical":"https:\/\/fozassessors.com\/de\/informationen\/ubertragungssteuer\/","og_locale":"de_DE","og_type":"article","og_title":"\u00dcbertragungssteuer - Foz Assessors","og_url":"https:\/\/fozassessors.com\/de\/informationen\/ubertragungssteuer\/","og_site_name":"Foz Assessors","article_modified_time":"2023-04-03T10:21:34+00:00","twitter_card":"summary_large_image","twitter_misc":{"Gesch\u00e4tzte Lesezeit":"2\u00a0Minuten"},"schema":{"@context":"https:\/\/schema.org","@graph":[{"@type":"WebPage","@id":"https:\/\/fozassessors.com\/de\/informationen\/ubertragungssteuer\/","url":"https:\/\/fozassessors.com\/de\/informationen\/ubertragungssteuer\/","name":"\u00dcbertragungssteuer - Foz Assessors","isPartOf":{"@id":"https:\/\/fozassessors.com\/de\/#website"},"datePublished":"2020-11-11T08:20:49+00:00","dateModified":"2023-04-03T10:21:34+00:00","breadcrumb":{"@id":"https:\/\/fozassessors.com\/de\/informationen\/ubertragungssteuer\/#breadcrumb"},"inLanguage":"de","potentialAction":[{"@type":"ReadAction","target":["https:\/\/fozassessors.com\/de\/informationen\/ubertragungssteuer\/"]}]},{"@type":"BreadcrumbList","@id":"https:\/\/fozassessors.com\/de\/informationen\/ubertragungssteuer\/#breadcrumb","itemListElement":[{"@type":"ListItem","position":1,"name":"Portada","item":"https:\/\/fozassessors.com\/de\/"},{"@type":"ListItem","position":2,"name":"Informationen","item":"https:\/\/fozassessors.com\/de\/informationen\/"},{"@type":"ListItem","position":3,"name":"\u00dcbertragungssteuer"}]},{"@type":"WebSite","@id":"https:\/\/fozassessors.com\/de\/#website","url":"https:\/\/fozassessors.com\/de\/","name":"Foz Assessors","description":"Foz Assessors","potentialAction":[{"@type":"SearchAction","target":{"@type":"EntryPoint","urlTemplate":"https:\/\/fozassessors.com\/de\/?s={search_term_string}"},"query-input":{"@type":"PropertyValueSpecification","valueRequired":true,"valueName":"search_term_string"}}],"inLanguage":"de"}]}},"_links":{"self":[{"href":"https:\/\/fozassessors.com\/de\/wp-json\/wp\/v2\/pages\/3671","targetHints":{"allow":["GET"]}}],"collection":[{"href":"https:\/\/fozassessors.com\/de\/wp-json\/wp\/v2\/pages"}],"about":[{"href":"https:\/\/fozassessors.com\/de\/wp-json\/wp\/v2\/types\/page"}],"author":[{"embeddable":true,"href":"https:\/\/fozassessors.com\/de\/wp-json\/wp\/v2\/users\/1"}],"replies":[{"embeddable":true,"href":"https:\/\/fozassessors.com\/de\/wp-json\/wp\/v2\/comments?post=3671"}],"version-history":[{"count":11,"href":"https:\/\/fozassessors.com\/de\/wp-json\/wp\/v2\/pages\/3671\/revisions"}],"predecessor-version":[{"id":4129,"href":"https:\/\/fozassessors.com\/de\/wp-json\/wp\/v2\/pages\/3671\/revisions\/4129"}],"up":[{"embeddable":true,"href":"https:\/\/fozassessors.com\/de\/wp-json\/wp\/v2\/pages\/3677"}],"wp:attachment":[{"href":"https:\/\/fozassessors.com\/de\/wp-json\/wp\/v2\/media?parent=3671"}],"curies":[{"name":"wp","href":"https:\/\/api.w.org\/{rel}","templated":true}]}}