{"id":3665,"date":"2020-11-10T17:34:23","date_gmt":"2020-11-10T17:34:23","guid":{"rendered":"https:\/\/fozassessors.com\/impuesto-de-sucesiones-y-donaciones\/"},"modified":"2020-11-18T12:36:59","modified_gmt":"2020-11-18T12:36:59","slug":"erbschaftssteuer","status":"publish","type":"page","link":"https:\/\/fozassessors.com\/de\/informationen\/erbschaftssteuer\/","title":{"rendered":"Erbschaftssteuer"},"content":{"rendered":"<div id='av_section_1'  class='avia-section main_color avia-section-default avia-no-border-styling  avia-full-stretch av-section-color-overlay-active avia-bg-style-scroll  avia-builder-el-0  el_before_av_section  avia-builder-el-first   container_wrap fullsize' style='background-repeat: no-repeat; background-image: url(https:\/\/fozassessors.com\/wp-content\/uploads\/2020\/11\/continents-695162_1280-1024x5121-1.jpg);background-attachment: scroll; background-position: center center;  '  data-section-bg-repeat='stretch'><div class='av-section-color-overlay-wrap'><div class='av-section-color-overlay' style='opacity: 0.4; background-color: #020202; '><\/div><div class='container' ><main  role=\"main\" itemprop=\"mainContentOfPage\"  class='template-page content  av-content-full alpha units'><div class='post-entry post-entry-type-page post-entry-3665'><div class='entry-content-wrapper clearfix'>\n<div  style='padding-bottom:10px; color:#ffffff;font-size:55px;' class='av-special-heading av-special-heading-h1 custom-color-heading blockquote modern-quote modern-centered  avia-builder-el-1  avia-builder-el-no-sibling  av-inherit-size '><h1 class='av-special-heading-tag '  itemprop=\"headline\"  >ERBSCHAFTSSTEUER<\/h1><div class='special-heading-border'><div class='special-heading-inner-border' style='border-color:#ffffff'><\/div><\/div><\/div>\n<\/div><\/div><\/main><!-- close content main element --><\/div><\/div><\/div><div id='av_section_2'  class='avia-section main_color avia-section-default avia-no-border-styling  avia-bg-style-scroll  avia-builder-el-2  el_after_av_section  avia-builder-el-last   container_wrap fullsize' style=' '  ><div class='container' ><div class='template-page content  av-content-full alpha units'><div class='post-entry post-entry-type-page post-entry-3665'><div class='entry-content-wrapper clearfix'>\n<div class=\"flex_column av_one_full  flex_column_div av-zero-column-padding first  avia-builder-el-3  avia-builder-el-no-sibling  \" style='border-radius:0px; '><section class=\"av_textblock_section \"  itemscope=\"itemscope\" itemtype=\"https:\/\/schema.org\/CreativeWork\" ><div class='avia_textblock  '   itemprop=\"text\" ><p><strong>HINWEIS AUF DIE WICHTIGSTEN REGELN:<\/strong><\/p>\n<ul>\n<li>Der Steuersatz von 1% wird f\u00fcr den Erwerb durch Erbschaft in der Gruppe I und II (Ehegatten, Nachkommen und Vorfahren) bis zu 700.000 Euro ererbtem Verm\u00f6gen f\u00fcr jeden Erben angewendet.<\/li>\n<\/ul>\n<ul>\n<li>Die allgemeine Schenkung und die Definition, auf die in den Artikeln 8 bis 13, 50, 51 und 73 der Sammlung des Zivilrechts der Balearen Bezug genommen wird, die durch das Gesetzesdekret 79\/1990 vom 6. September genehmigt wurde, hat den Charakter eines Erbanspruchs im Sinne von Artikel 11 b der Erbschafts- und Schenkungssteuer-Verordnung und genie\u00dft demzufolge alle Steuervorteile, die mit dem Erwerb von Erbschaften verbunden sind, soweit sie anwendbar sind.<\/li>\n<\/ul>\n<ul>\n<li>Die Vorschriften f\u00fcr beide Steuern sehen zahlreiche Befreiungen und Freibetr\u00e4ge vor, die auf der Grundlage der famili\u00e4ren Bindungen, der Art des \u00fcbertragenen Verm\u00f6gens, der Verwendung des Verm\u00f6gens, der Zugeh\u00f6rigkeit des Verm\u00f6gens zu einer wirtschaftlichen T\u00e4tigkeit, der Erhaltung dessen, was im Verm\u00f6gen des K\u00e4ufers erworben wurde, dem Bestimmungsort der Schenkung usw. gew\u00e4hrt werden. Sie sollten die Vorschriften nachlesen, indem <u>Sie hier klicken<\/u>, und sich ferner mit uns in <u>Verbindung setzen<\/u>, um die auf Ihren speziellen Fall zutreffende Situation zu \u00fcberpr\u00fcfen.<\/li>\n<\/ul>\n<\/div><\/section><\/div><\/p>\n","protected":false},"excerpt":{"rendered":"","protected":false},"author":1,"featured_media":0,"parent":3677,"menu_order":0,"comment_status":"closed","ping_status":"closed","template":"","meta":{"footnotes":""},"class_list":["post-3665","page","type-page","status-publish","hentry"],"yoast_head":"<!-- This site is optimized with the Yoast SEO plugin v26.7 - https:\/\/yoast.com\/wordpress\/plugins\/seo\/ -->\n<title>Erbschaftssteuer - Foz Assessors<\/title>\n<meta name=\"robots\" content=\"index, follow, max-snippet:-1, max-image-preview:large, max-video-preview:-1\" \/>\n<link rel=\"canonical\" href=\"https:\/\/fozassessors.com\/de\/informationen\/erbschaftssteuer\/\" \/>\n<meta property=\"og:locale\" content=\"de_DE\" \/>\n<meta property=\"og:type\" content=\"article\" \/>\n<meta property=\"og:title\" content=\"Erbschaftssteuer - Foz Assessors\" \/>\n<meta property=\"og:url\" content=\"https:\/\/fozassessors.com\/de\/informationen\/erbschaftssteuer\/\" \/>\n<meta property=\"og:site_name\" content=\"Foz Assessors\" \/>\n<meta property=\"article:modified_time\" content=\"2020-11-18T12:36:59+00:00\" \/>\n<meta name=\"twitter:card\" content=\"summary_large_image\" \/>\n<meta name=\"twitter:label1\" content=\"Gesch\u00e4tzte Lesezeit\" \/>\n\t<meta name=\"twitter:data1\" content=\"4\u00a0Minuten\" \/>\n<script type=\"application\/ld+json\" class=\"yoast-schema-graph\">{\"@context\":\"https:\/\/schema.org\",\"@graph\":[{\"@type\":\"WebPage\",\"@id\":\"https:\/\/fozassessors.com\/de\/informationen\/erbschaftssteuer\/\",\"url\":\"https:\/\/fozassessors.com\/de\/informationen\/erbschaftssteuer\/\",\"name\":\"Erbschaftssteuer - Foz Assessors\",\"isPartOf\":{\"@id\":\"https:\/\/fozassessors.com\/de\/#website\"},\"datePublished\":\"2020-11-10T17:34:23+00:00\",\"dateModified\":\"2020-11-18T12:36:59+00:00\",\"breadcrumb\":{\"@id\":\"https:\/\/fozassessors.com\/de\/informationen\/erbschaftssteuer\/#breadcrumb\"},\"inLanguage\":\"de\",\"potentialAction\":[{\"@type\":\"ReadAction\",\"target\":[\"https:\/\/fozassessors.com\/de\/informationen\/erbschaftssteuer\/\"]}]},{\"@type\":\"BreadcrumbList\",\"@id\":\"https:\/\/fozassessors.com\/de\/informationen\/erbschaftssteuer\/#breadcrumb\",\"itemListElement\":[{\"@type\":\"ListItem\",\"position\":1,\"name\":\"Portada\",\"item\":\"https:\/\/fozassessors.com\/de\/\"},{\"@type\":\"ListItem\",\"position\":2,\"name\":\"Informationen\",\"item\":\"https:\/\/fozassessors.com\/de\/informationen\/\"},{\"@type\":\"ListItem\",\"position\":3,\"name\":\"Erbschaftssteuer\"}]},{\"@type\":\"WebSite\",\"@id\":\"https:\/\/fozassessors.com\/de\/#website\",\"url\":\"https:\/\/fozassessors.com\/de\/\",\"name\":\"Foz Assessors\",\"description\":\"Foz Assessors\",\"potentialAction\":[{\"@type\":\"SearchAction\",\"target\":{\"@type\":\"EntryPoint\",\"urlTemplate\":\"https:\/\/fozassessors.com\/de\/?s={search_term_string}\"},\"query-input\":{\"@type\":\"PropertyValueSpecification\",\"valueRequired\":true,\"valueName\":\"search_term_string\"}}],\"inLanguage\":\"de\"}]}<\/script>\n<!-- \/ Yoast SEO plugin. -->","yoast_head_json":{"title":"Erbschaftssteuer - Foz Assessors","robots":{"index":"index","follow":"follow","max-snippet":"max-snippet:-1","max-image-preview":"max-image-preview:large","max-video-preview":"max-video-preview:-1"},"canonical":"https:\/\/fozassessors.com\/de\/informationen\/erbschaftssteuer\/","og_locale":"de_DE","og_type":"article","og_title":"Erbschaftssteuer - Foz Assessors","og_url":"https:\/\/fozassessors.com\/de\/informationen\/erbschaftssteuer\/","og_site_name":"Foz Assessors","article_modified_time":"2020-11-18T12:36:59+00:00","twitter_card":"summary_large_image","twitter_misc":{"Gesch\u00e4tzte Lesezeit":"4\u00a0Minuten"},"schema":{"@context":"https:\/\/schema.org","@graph":[{"@type":"WebPage","@id":"https:\/\/fozassessors.com\/de\/informationen\/erbschaftssteuer\/","url":"https:\/\/fozassessors.com\/de\/informationen\/erbschaftssteuer\/","name":"Erbschaftssteuer - Foz Assessors","isPartOf":{"@id":"https:\/\/fozassessors.com\/de\/#website"},"datePublished":"2020-11-10T17:34:23+00:00","dateModified":"2020-11-18T12:36:59+00:00","breadcrumb":{"@id":"https:\/\/fozassessors.com\/de\/informationen\/erbschaftssteuer\/#breadcrumb"},"inLanguage":"de","potentialAction":[{"@type":"ReadAction","target":["https:\/\/fozassessors.com\/de\/informationen\/erbschaftssteuer\/"]}]},{"@type":"BreadcrumbList","@id":"https:\/\/fozassessors.com\/de\/informationen\/erbschaftssteuer\/#breadcrumb","itemListElement":[{"@type":"ListItem","position":1,"name":"Portada","item":"https:\/\/fozassessors.com\/de\/"},{"@type":"ListItem","position":2,"name":"Informationen","item":"https:\/\/fozassessors.com\/de\/informationen\/"},{"@type":"ListItem","position":3,"name":"Erbschaftssteuer"}]},{"@type":"WebSite","@id":"https:\/\/fozassessors.com\/de\/#website","url":"https:\/\/fozassessors.com\/de\/","name":"Foz Assessors","description":"Foz Assessors","potentialAction":[{"@type":"SearchAction","target":{"@type":"EntryPoint","urlTemplate":"https:\/\/fozassessors.com\/de\/?s={search_term_string}"},"query-input":{"@type":"PropertyValueSpecification","valueRequired":true,"valueName":"search_term_string"}}],"inLanguage":"de"}]}},"_links":{"self":[{"href":"https:\/\/fozassessors.com\/de\/wp-json\/wp\/v2\/pages\/3665","targetHints":{"allow":["GET"]}}],"collection":[{"href":"https:\/\/fozassessors.com\/de\/wp-json\/wp\/v2\/pages"}],"about":[{"href":"https:\/\/fozassessors.com\/de\/wp-json\/wp\/v2\/types\/page"}],"author":[{"embeddable":true,"href":"https:\/\/fozassessors.com\/de\/wp-json\/wp\/v2\/users\/1"}],"replies":[{"embeddable":true,"href":"https:\/\/fozassessors.com\/de\/wp-json\/wp\/v2\/comments?post=3665"}],"version-history":[{"count":5,"href":"https:\/\/fozassessors.com\/de\/wp-json\/wp\/v2\/pages\/3665\/revisions"}],"predecessor-version":[{"id":3922,"href":"https:\/\/fozassessors.com\/de\/wp-json\/wp\/v2\/pages\/3665\/revisions\/3922"}],"up":[{"embeddable":true,"href":"https:\/\/fozassessors.com\/de\/wp-json\/wp\/v2\/pages\/3677"}],"wp:attachment":[{"href":"https:\/\/fozassessors.com\/de\/wp-json\/wp\/v2\/media?parent=3665"}],"curies":[{"name":"wp","href":"https:\/\/api.w.org\/{rel}","templated":true}]}}