{"id":3657,"date":"2020-11-11T08:28:37","date_gmt":"2020-11-11T08:28:37","guid":{"rendered":"https:\/\/fozassessors.com\/impuesto-de-sociedades\/"},"modified":"2020-11-18T12:38:30","modified_gmt":"2020-11-18T12:38:30","slug":"korperschaftssteuer","status":"publish","type":"page","link":"https:\/\/fozassessors.com\/de\/informationen\/korperschaftssteuer\/","title":{"rendered":"K\u00f6rperschaftssteuer"},"content":{"rendered":"<div id='av_section_1'  class='avia-section main_color avia-section-default avia-no-border-styling  avia-full-stretch av-section-color-overlay-active avia-bg-style-scroll  avia-builder-el-0  el_before_av_section  avia-builder-el-first   container_wrap fullsize' style='background-repeat: no-repeat; background-image: url(https:\/\/fozassessors.com\/wp-content\/uploads\/2020\/11\/continents-695162_1280-1024x5121-1.jpg);background-attachment: scroll; background-position: center center;  '  data-section-bg-repeat='stretch'><div class='av-section-color-overlay-wrap'><div class='av-section-color-overlay' style='opacity: 0.4; background-color: #020202; '><\/div><div class='container' ><main  role=\"main\" itemprop=\"mainContentOfPage\"  class='template-page content  av-content-full alpha units'><div class='post-entry post-entry-type-page post-entry-3657'><div class='entry-content-wrapper clearfix'>\n<div  style='padding-bottom:10px; color:#ffffff;font-size:55px;' class='av-special-heading av-special-heading-h1 custom-color-heading blockquote modern-quote modern-centered  avia-builder-el-1  avia-builder-el-no-sibling  av-inherit-size '><h1 class='av-special-heading-tag '  itemprop=\"headline\"  >K\u00f6rperschaftssteuer<\/h1><div class='special-heading-border'><div class='special-heading-inner-border' style='border-color:#ffffff'><\/div><\/div><\/div>\n<\/div><\/div><\/main><!-- close content main element --><\/div><\/div><\/div><div id='av_section_2'  class='avia-section main_color avia-section-default avia-no-border-styling  avia-bg-style-scroll  avia-builder-el-2  el_after_av_section  avia-builder-el-last   container_wrap fullsize' style=' '  ><div class='container' ><div class='template-page content  av-content-full alpha units'><div class='post-entry post-entry-type-page post-entry-3657'><div class='entry-content-wrapper clearfix'>\n<div class=\"flex_column av_one_full  flex_column_div av-zero-column-padding first  avia-builder-el-3  avia-builder-el-no-sibling  \" style='border-radius:0px; '><p><div class='avia-data-table-wrap avia_responsive_table'><table  class='avia-table avia-data-table avia-table-1  avia-builder-el-4  el_before_av_textblock  avia-builder-el-first  avia_pricing_default '  itemscope=\"itemscope\" itemtype=\"https:\/\/schema.org\/Table\" ><tbody><tr class=''><td class=''>Sonderkondition<\/td><td class=''>30%<\/td><td class=''>Kreditinstitute, f\u00fcr die Nutzung von Bodensch\u00e4tzen und die unterirdische Lagerung von Kohlenwasserstoffen.<\/td><\/tr><tr class=''><td class=''>Allgemeiner Steuersatz <\/td><td class=''>25%\t<\/td><td class=''>Gilt f\u00fcr die meisten Unternehmen.<\/td><\/tr><tr class=''><td class=''>Sondersatz<\/td><td class=''>20%<\/td><td class=''>Steuerlich gesch\u00fctzte Genossenschaften nur in Bezug auf Ergebnisse der Kooperationen. Rest bei 25%.<\/td><\/tr><tr class=''><td class=''>Reduzierter Satz <\/td><td class=''>15%<\/td><td class=''>Anwendbar auf neu gegr\u00fcndete Unternehmen w\u00e4hrend der ersten beiden Steuerjahre mit einer positiven Bilanz.<\/td><\/tr><tr class=''><td class=''>Erm\u00e4\u00dfigter Satz <\/td><td class=''>10%<\/td><td class=''>Einrichtungen nach Gesetz 49\/2002, gemeinn\u00fctzige, nicht gewinnorientierte, gemeinn\u00fctzige Stiftungen.<\/td><\/tr><tr class=''><td class=''>Erm\u00e4\u00dfigter Satz <\/td><td class=''>1%<\/td><td class=''>&#8222;SICAV-Investmentgesellschaft mit variablem Grundkapital , &#8220; SICAV &#8220; mit mindestens 100 Anteilseignern, Investmentfonds mit mindestens 100 Teilnehmern, Immobilien-Investmentgesellschaften mit mehr als 100 Teilnehmern, usw.<\/td><\/tr><\/tbody><\/table><\/div><style type='text\/css'><\/style><br \/>\n<section class=\"av_textblock_section \"  itemscope=\"itemscope\" itemtype=\"https:\/\/schema.org\/CreativeWork\" ><div class='avia_textblock  '   itemprop=\"text\" ><p>Die angegebenen Auflagen f\u00fcr die Anwendung der ausgedr\u00fcckten Typen sind nur die wesentlichen, um zu wissen, welche weiteren Anforderungen erf\u00fcllt werden m\u00fcssen, kontaktieren Sie uns bitte f\u00fcr eine <u><a href=\"https:\/\/fozassessors.com\/es\/politica-de-privacidad\/\">gezielte Beratung.<\/a><\/u><\/p>\n<\/div><\/section><br \/>\n<section class=\"av_textblock_section \"  itemscope=\"itemscope\" itemtype=\"https:\/\/schema.org\/CreativeWork\" ><div class='avia_textblock  '   itemprop=\"text\" ><p><strong>EINE WICHTIGE ANMERKUNG: TEILWEISE VON DER STEUER BEFREITE EINRICHTUNGEN WIE SPORTVEREINE, NACHBARSCHAFTSVEREINIGUNGEN, RENTNERVEREINIGUNGEN, ELTERNVEREINIGUNGEN USW. M\u00dcSSEN IHRE K\u00d6RPERSCHAFTSTEUERERKL\u00c4RUNG VORLEGEN, WAS BEDEUTET, DASS SIE IHRE BUCHHALTUNG IN \u00dcBEREINSTIMMUNG MIT DEN GELTENDEN STEUERVORSCHRIFTEN F\u00dcHREN M\u00dcSSEN. DIE AUSNAHMEN SIND NUR:<\/strong><\/p>\n<p>&#8222;&#8230;sind nicht verpflichtet, eine Erkl\u00e4rung abzugeben, wenn sie die folgenden Voraussetzungen erf\u00fcllen:<\/p>\n<p>dass ihr Gesamteinkommen 50.000 Euro pro Jahr nicht \u00fcbersteigt.<\/p>\n<p>Dass das Einkommen, das dem nicht steuerfreien Einkommen entspricht, 2.000 Euro pro Jahr nicht \u00fcbersteigt.<\/p>\n<p>Dass alle erzielten nicht steuerfreien Eink\u00fcnfte der Einbehaltung unterliegen.<\/p>\n<\/div><\/section><br \/>\n<section class=\"av_textblock_section \"  itemscope=\"itemscope\" itemtype=\"https:\/\/schema.org\/CreativeWork\" ><div class='avia_textblock  '   itemprop=\"text\" ><p><strong>WENN DIE DREI VORAUSSETZUNGEN NICHT ERF\u00dcLLT SIND, MUSS DIE STEUER EINGEREICHT WERDEN, UND ES WERDEN STEUERN AUF DIE PROFITORIENTIERTEN GESCH\u00c4FTE GEZAHLT.<\/strong><\/p>\n<p><strong>Link zum Finanzamt,\u00a0 klicken Sie bitte <a href=\"http:\/\/www.agenciatributaria.es\/AEAT.internet\/Inicio\/_componentes_\/_Le_interesa_conocer\/_Relacionados_\/Principales_novedades_introducidas_por_el_Real_Decreto_ley_1_2015__de_27_de_febrero.shtml\">hier<\/a>.<\/strong><\/p>\n<\/div><\/section><\/p><\/div><\/p>\n","protected":false},"excerpt":{"rendered":"","protected":false},"author":1,"featured_media":0,"parent":3677,"menu_order":0,"comment_status":"closed","ping_status":"closed","template":"","meta":{"footnotes":""},"class_list":["post-3657","page","type-page","status-publish","hentry"],"yoast_head":"<!-- This site is optimized with the Yoast SEO plugin v26.7 - https:\/\/yoast.com\/wordpress\/plugins\/seo\/ -->\n<title>K\u00f6rperschaftssteuer - Foz Assessors<\/title>\n<meta name=\"robots\" content=\"index, follow, max-snippet:-1, max-image-preview:large, max-video-preview:-1\" \/>\n<link rel=\"canonical\" href=\"https:\/\/fozassessors.com\/de\/informationen\/korperschaftssteuer\/\" \/>\n<meta property=\"og:locale\" content=\"de_DE\" \/>\n<meta property=\"og:type\" content=\"article\" \/>\n<meta property=\"og:title\" content=\"K\u00f6rperschaftssteuer - Foz Assessors\" \/>\n<meta property=\"og:url\" content=\"https:\/\/fozassessors.com\/de\/informationen\/korperschaftssteuer\/\" \/>\n<meta property=\"og:site_name\" content=\"Foz Assessors\" \/>\n<meta property=\"article:modified_time\" content=\"2020-11-18T12:38:30+00:00\" \/>\n<meta name=\"twitter:card\" content=\"summary_large_image\" \/>\n<meta name=\"twitter:label1\" content=\"Gesch\u00e4tzte Lesezeit\" \/>\n\t<meta name=\"twitter:data1\" content=\"6\u00a0Minuten\" \/>\n<script type=\"application\/ld+json\" class=\"yoast-schema-graph\">{\"@context\":\"https:\/\/schema.org\",\"@graph\":[{\"@type\":\"WebPage\",\"@id\":\"https:\/\/fozassessors.com\/de\/informationen\/korperschaftssteuer\/\",\"url\":\"https:\/\/fozassessors.com\/de\/informationen\/korperschaftssteuer\/\",\"name\":\"K\u00f6rperschaftssteuer - Foz Assessors\",\"isPartOf\":{\"@id\":\"https:\/\/fozassessors.com\/de\/#website\"},\"datePublished\":\"2020-11-11T08:28:37+00:00\",\"dateModified\":\"2020-11-18T12:38:30+00:00\",\"breadcrumb\":{\"@id\":\"https:\/\/fozassessors.com\/de\/informationen\/korperschaftssteuer\/#breadcrumb\"},\"inLanguage\":\"de\",\"potentialAction\":[{\"@type\":\"ReadAction\",\"target\":[\"https:\/\/fozassessors.com\/de\/informationen\/korperschaftssteuer\/\"]}]},{\"@type\":\"BreadcrumbList\",\"@id\":\"https:\/\/fozassessors.com\/de\/informationen\/korperschaftssteuer\/#breadcrumb\",\"itemListElement\":[{\"@type\":\"ListItem\",\"position\":1,\"name\":\"Portada\",\"item\":\"https:\/\/fozassessors.com\/de\/\"},{\"@type\":\"ListItem\",\"position\":2,\"name\":\"Informationen\",\"item\":\"https:\/\/fozassessors.com\/de\/informationen\/\"},{\"@type\":\"ListItem\",\"position\":3,\"name\":\"K\u00f6rperschaftssteuer\"}]},{\"@type\":\"WebSite\",\"@id\":\"https:\/\/fozassessors.com\/de\/#website\",\"url\":\"https:\/\/fozassessors.com\/de\/\",\"name\":\"Foz Assessors\",\"description\":\"Foz Assessors\",\"potentialAction\":[{\"@type\":\"SearchAction\",\"target\":{\"@type\":\"EntryPoint\",\"urlTemplate\":\"https:\/\/fozassessors.com\/de\/?s={search_term_string}\"},\"query-input\":{\"@type\":\"PropertyValueSpecification\",\"valueRequired\":true,\"valueName\":\"search_term_string\"}}],\"inLanguage\":\"de\"}]}<\/script>\n<!-- \/ Yoast SEO plugin. -->","yoast_head_json":{"title":"K\u00f6rperschaftssteuer - Foz Assessors","robots":{"index":"index","follow":"follow","max-snippet":"max-snippet:-1","max-image-preview":"max-image-preview:large","max-video-preview":"max-video-preview:-1"},"canonical":"https:\/\/fozassessors.com\/de\/informationen\/korperschaftssteuer\/","og_locale":"de_DE","og_type":"article","og_title":"K\u00f6rperschaftssteuer - Foz Assessors","og_url":"https:\/\/fozassessors.com\/de\/informationen\/korperschaftssteuer\/","og_site_name":"Foz Assessors","article_modified_time":"2020-11-18T12:38:30+00:00","twitter_card":"summary_large_image","twitter_misc":{"Gesch\u00e4tzte Lesezeit":"6\u00a0Minuten"},"schema":{"@context":"https:\/\/schema.org","@graph":[{"@type":"WebPage","@id":"https:\/\/fozassessors.com\/de\/informationen\/korperschaftssteuer\/","url":"https:\/\/fozassessors.com\/de\/informationen\/korperschaftssteuer\/","name":"K\u00f6rperschaftssteuer - Foz Assessors","isPartOf":{"@id":"https:\/\/fozassessors.com\/de\/#website"},"datePublished":"2020-11-11T08:28:37+00:00","dateModified":"2020-11-18T12:38:30+00:00","breadcrumb":{"@id":"https:\/\/fozassessors.com\/de\/informationen\/korperschaftssteuer\/#breadcrumb"},"inLanguage":"de","potentialAction":[{"@type":"ReadAction","target":["https:\/\/fozassessors.com\/de\/informationen\/korperschaftssteuer\/"]}]},{"@type":"BreadcrumbList","@id":"https:\/\/fozassessors.com\/de\/informationen\/korperschaftssteuer\/#breadcrumb","itemListElement":[{"@type":"ListItem","position":1,"name":"Portada","item":"https:\/\/fozassessors.com\/de\/"},{"@type":"ListItem","position":2,"name":"Informationen","item":"https:\/\/fozassessors.com\/de\/informationen\/"},{"@type":"ListItem","position":3,"name":"K\u00f6rperschaftssteuer"}]},{"@type":"WebSite","@id":"https:\/\/fozassessors.com\/de\/#website","url":"https:\/\/fozassessors.com\/de\/","name":"Foz Assessors","description":"Foz Assessors","potentialAction":[{"@type":"SearchAction","target":{"@type":"EntryPoint","urlTemplate":"https:\/\/fozassessors.com\/de\/?s={search_term_string}"},"query-input":{"@type":"PropertyValueSpecification","valueRequired":true,"valueName":"search_term_string"}}],"inLanguage":"de"}]}},"_links":{"self":[{"href":"https:\/\/fozassessors.com\/de\/wp-json\/wp\/v2\/pages\/3657","targetHints":{"allow":["GET"]}}],"collection":[{"href":"https:\/\/fozassessors.com\/de\/wp-json\/wp\/v2\/pages"}],"about":[{"href":"https:\/\/fozassessors.com\/de\/wp-json\/wp\/v2\/types\/page"}],"author":[{"embeddable":true,"href":"https:\/\/fozassessors.com\/de\/wp-json\/wp\/v2\/users\/1"}],"replies":[{"embeddable":true,"href":"https:\/\/fozassessors.com\/de\/wp-json\/wp\/v2\/comments?post=3657"}],"version-history":[{"count":5,"href":"https:\/\/fozassessors.com\/de\/wp-json\/wp\/v2\/pages\/3657\/revisions"}],"predecessor-version":[{"id":3925,"href":"https:\/\/fozassessors.com\/de\/wp-json\/wp\/v2\/pages\/3657\/revisions\/3925"}],"up":[{"embeddable":true,"href":"https:\/\/fozassessors.com\/de\/wp-json\/wp\/v2\/pages\/3677"}],"wp:attachment":[{"href":"https:\/\/fozassessors.com\/de\/wp-json\/wp\/v2\/media?parent=3657"}],"curies":[{"name":"wp","href":"https:\/\/api.w.org\/{rel}","templated":true}]}}