{"id":3649,"date":"2020-11-11T08:33:40","date_gmt":"2020-11-11T08:33:40","guid":{"rendered":"https:\/\/fozassessors.com\/impuesto-de-patrimonio\/"},"modified":"2021-01-13T10:22:53","modified_gmt":"2021-01-13T10:22:53","slug":"vermoegenssteuer","status":"publish","type":"page","link":"https:\/\/fozassessors.com\/de\/informationen\/vermoegenssteuer\/","title":{"rendered":"Verm\u00f6genssteuer"},"content":{"rendered":"<div id='av_section_1'  class='avia-section main_color avia-section-default avia-no-border-styling  avia-full-stretch av-section-color-overlay-active avia-bg-style-scroll  avia-builder-el-0  el_before_av_section  avia-builder-el-first   container_wrap fullsize' style='background-repeat: no-repeat; background-image: url(https:\/\/fozassessors.com\/wp-content\/uploads\/2020\/11\/continents-695162_1280-1024x5121-1.jpg);background-attachment: scroll; background-position: center center;  '  data-section-bg-repeat='stretch'><div class='av-section-color-overlay-wrap'><div class='av-section-color-overlay' style='opacity: 0.4; background-color: #020202; '><\/div><div class='container' ><main  role=\"main\" itemprop=\"mainContentOfPage\"  class='template-page content  av-content-full alpha units'><div class='post-entry post-entry-type-page post-entry-3649'><div class='entry-content-wrapper clearfix'>\n<div  style='padding-bottom:10px; color:#ffffff;font-size:55px;' class='av-special-heading av-special-heading-h1 custom-color-heading blockquote modern-quote modern-centered  avia-builder-el-1  avia-builder-el-no-sibling  av-inherit-size '><h1 class='av-special-heading-tag '  itemprop=\"headline\"  >VERM\u00d6GENSSTEUER<\/h1><div class='special-heading-border'><div class='special-heading-inner-border' style='border-color:#ffffff'><\/div><\/div><\/div>\n\n<\/div><\/div><\/main><!-- close content main element --><\/div><\/div><\/div><div id='av_section_2'  class='avia-section main_color avia-section-default avia-no-border-styling  avia-bg-style-scroll  avia-builder-el-2  el_after_av_section  avia-builder-el-last   container_wrap fullsize' style=' '  ><div class='container' ><div class='template-page content  av-content-full alpha units'><div class='post-entry post-entry-type-page post-entry-3649'><div class='entry-content-wrapper clearfix'>\n<div class=\"flex_column av_one_full  flex_column_div av-zero-column-padding first  avia-builder-el-3  avia-builder-el-no-sibling  \" style='border-radius:0px; '><p><section class=\"av_textblock_section \"  itemscope=\"itemscope\" itemtype=\"https:\/\/schema.org\/CreativeWork\" ><div class='avia_textblock  '   itemprop=\"text\" ><p>Die Verm\u00f6genssteuer ist eine vom Staat an die Autonome Gemeinschaft \u00fcbertragene Steuer, die das Nettoverm\u00f6gen von nat\u00fcrlichen Personen besteuert.<\/p>\n<p>Nicht ans\u00e4ssige Steuerzahler, die sich in einer der folgenden Situationen befinden, sind verpflichtet, eine Verm\u00f6genssteuererkl\u00e4rung abzugeben wenn:<\/p>\n<p>&#8211; Ihre Bemessungsgrundlage, die in \u00dcbereinstimmung mit den Vorschriften f\u00fcr diese Steuer ermittelt wird, und nachdem die entsprechenden Abz\u00fcge oder Freibetr\u00e4ge angewandt wurden, resultiert in Steuerpflicht<\/p>\n<p>ODER \u00a0wenn die obige Bedingung nicht vorliegt und<\/p>\n<p>&#8211; Wenn die Verm\u00f6genswerte oder Rechte, die nach den Regeln der Steuer bestimmt werden, gr\u00f6\u00dfer als 2.000.000 Euro ist.<\/p>\n<p>Diese Steuer wird auf das Verm\u00f6gen des Steuerpflichtigen zum 31. Dezember eines jeden Jahres erhoben. Das Nettoverm\u00f6gen wird durch die Menge der Verm\u00f6genswerte und Rechte wirtschaftlichen Inhalts gebildet, die er besitzt, unter Abzug der Lasten und Pfandrechte, die ihren Wert mindern, sowie der Schulden und pers\u00f6nlichen Verpflichtungen, f\u00fcr die er einstehen muss. Die Steuerbemessungsgrundlage wird als Mindestfreibetrag um 700.000 Euro reduziert. Die Staffelung der Steuers\u00e4tze ist wie folgt:<\/p>\n<\/div><\/section><br \/>\n<div class='avia-data-table-wrap avia_responsive_table'><table  class='avia-table avia-data-table avia-table-1  avia-builder-el-5  el_after_av_textblock  el_before_av_textblock  avia_pricing_default '  itemscope=\"itemscope\" itemtype=\"https:\/\/schema.org\/Table\" ><tbody><tr class='avia-heading-row'><th class=''>Bemessungsgrundlage bis<br \/>\n(euros)<\/th><th class=''>Steuerschuld<br \/>\n(euros)<\/th><th class=''>Ab einem Verm\u00f6gen von<br \/>\n(euros)<\/th><th class=''>anwendbarer Steuersatz<br \/>\n(%)<\/th><\/tr><tr class=''><td class=''>0,00<\/td><td class=''>0,00<\/td><td class=''>170.472,04<\/td><td class=''>0,28<\/td><\/tr><tr class=''><td class=''>170.472,04<\/td><td class=''>477,32<\/td><td class=''>170.465,00<\/td><td class=''>0,41<\/td><\/tr><tr class=''><td class=''>681.869,75<\/td><td class=''>3.528,67<\/td><td class=''>654.869,76<\/td><td class=''>1,24<\/td><\/tr><tr class=''><td class=''>1.336.739,51<\/td><td class=''>11.649,06<\/td><td class=''>1.390.739,49<\/td><td class=''>1,79<\/td><\/tr><tr class=''><td class=''>2.727.479,00<\/td><td class=''>36543,30<\/td><td class=''>2.727.479,00<\/td><td class=''>2,35<\/td><\/tr><tr class=''><td class=''>5.454.958,00<\/td><td class=''>100.639,06<\/td><td class=''>5.454.957,99<\/td><td class=''>2,90<\/td><\/tr><tr class=''><td class=''>10.909.915,99<\/td><td class=''>258.832,84<\/td><td class=''>Weiterf\u00fchrend<\/td><td class=''>3,45<\/td><\/tr><\/tbody><\/table><\/div><style type='text\/css'>.avia-table-1 td:nth-of-type(1):before { content: 'Bemessungsgrundlage bis\n(euros)'; } .avia-table-1 td:nth-of-type(2):before { content: 'Steuerschuld\n(euros)'; } .avia-table-1 td:nth-of-type(3):before { content: 'Ab einem Verm\u00f6gen von\n(euros)'; } .avia-table-1 td:nth-of-type(4):before { content: 'anwendbarer Steuersatz\n(%)'; } <\/style><br \/>\n<section class=\"av_textblock_section \"  itemscope=\"itemscope\" itemtype=\"https:\/\/schema.org\/CreativeWork\" ><div class='avia_textblock  '   itemprop=\"text\" ><p>Die von der Comunidad Aut\u00f3noma de les Illes Balears bereitgestellten Informationen k\u00f6nnen <a href=\"https:\/\/www.atib.es\/TA\/contenido.aspx?Id=9856&amp;lang=es\">hier abgerufen werden<\/a>.<\/p>\n<p>die obigen Informationen sind nur ein Ausblick auf die Grundlagen. Wenn Sie die vollst\u00e4ndige Information und Beratung f\u00fcr ihren Fall w\u00fcnschen, <a href=\"https:\/\/fozassessors.com\/de\/kontakt\/\"><u>nehmen sie bitte Kontakt mit uns auf<\/u>.<\/a><\/p>\n<\/div><\/section><\/p><\/div>\n","protected":false},"excerpt":{"rendered":"","protected":false},"author":1,"featured_media":0,"parent":3677,"menu_order":0,"comment_status":"closed","ping_status":"closed","template":"","meta":{"footnotes":""},"class_list":["post-3649","page","type-page","status-publish","hentry"],"yoast_head":"<!-- This site is optimized with the Yoast SEO plugin v26.7 - https:\/\/yoast.com\/wordpress\/plugins\/seo\/ -->\n<title>Verm\u00f6genssteuer - Foz Assessors<\/title>\n<meta name=\"robots\" content=\"index, follow, max-snippet:-1, max-image-preview:large, max-video-preview:-1\" \/>\n<link rel=\"canonical\" href=\"https:\/\/fozassessors.com\/de\/informationen\/vermoegenssteuer\/\" \/>\n<meta property=\"og:locale\" content=\"de_DE\" \/>\n<meta property=\"og:type\" content=\"article\" \/>\n<meta property=\"og:title\" content=\"Verm\u00f6genssteuer - Foz Assessors\" \/>\n<meta property=\"og:url\" content=\"https:\/\/fozassessors.com\/de\/informationen\/vermoegenssteuer\/\" \/>\n<meta property=\"og:site_name\" content=\"Foz Assessors\" \/>\n<meta property=\"article:modified_time\" content=\"2021-01-13T10:22:53+00:00\" \/>\n<meta name=\"twitter:card\" content=\"summary_large_image\" \/>\n<meta name=\"twitter:label1\" content=\"Gesch\u00e4tzte Lesezeit\" \/>\n\t<meta name=\"twitter:data1\" content=\"6\u00a0Minuten\" \/>\n<script type=\"application\/ld+json\" class=\"yoast-schema-graph\">{\"@context\":\"https:\/\/schema.org\",\"@graph\":[{\"@type\":\"WebPage\",\"@id\":\"https:\/\/fozassessors.com\/de\/informationen\/vermoegenssteuer\/\",\"url\":\"https:\/\/fozassessors.com\/de\/informationen\/vermoegenssteuer\/\",\"name\":\"Verm\u00f6genssteuer - Foz Assessors\",\"isPartOf\":{\"@id\":\"https:\/\/fozassessors.com\/de\/#website\"},\"datePublished\":\"2020-11-11T08:33:40+00:00\",\"dateModified\":\"2021-01-13T10:22:53+00:00\",\"breadcrumb\":{\"@id\":\"https:\/\/fozassessors.com\/de\/informationen\/vermoegenssteuer\/#breadcrumb\"},\"inLanguage\":\"de\",\"potentialAction\":[{\"@type\":\"ReadAction\",\"target\":[\"https:\/\/fozassessors.com\/de\/informationen\/vermoegenssteuer\/\"]}]},{\"@type\":\"BreadcrumbList\",\"@id\":\"https:\/\/fozassessors.com\/de\/informationen\/vermoegenssteuer\/#breadcrumb\",\"itemListElement\":[{\"@type\":\"ListItem\",\"position\":1,\"name\":\"Portada\",\"item\":\"https:\/\/fozassessors.com\/de\/\"},{\"@type\":\"ListItem\",\"position\":2,\"name\":\"Informationen\",\"item\":\"https:\/\/fozassessors.com\/de\/informationen\/\"},{\"@type\":\"ListItem\",\"position\":3,\"name\":\"Verm\u00f6genssteuer\"}]},{\"@type\":\"WebSite\",\"@id\":\"https:\/\/fozassessors.com\/de\/#website\",\"url\":\"https:\/\/fozassessors.com\/de\/\",\"name\":\"Foz Assessors\",\"description\":\"Foz Assessors\",\"potentialAction\":[{\"@type\":\"SearchAction\",\"target\":{\"@type\":\"EntryPoint\",\"urlTemplate\":\"https:\/\/fozassessors.com\/de\/?s={search_term_string}\"},\"query-input\":{\"@type\":\"PropertyValueSpecification\",\"valueRequired\":true,\"valueName\":\"search_term_string\"}}],\"inLanguage\":\"de\"}]}<\/script>\n<!-- \/ Yoast SEO plugin. -->","yoast_head_json":{"title":"Verm\u00f6genssteuer - Foz Assessors","robots":{"index":"index","follow":"follow","max-snippet":"max-snippet:-1","max-image-preview":"max-image-preview:large","max-video-preview":"max-video-preview:-1"},"canonical":"https:\/\/fozassessors.com\/de\/informationen\/vermoegenssteuer\/","og_locale":"de_DE","og_type":"article","og_title":"Verm\u00f6genssteuer - Foz Assessors","og_url":"https:\/\/fozassessors.com\/de\/informationen\/vermoegenssteuer\/","og_site_name":"Foz Assessors","article_modified_time":"2021-01-13T10:22:53+00:00","twitter_card":"summary_large_image","twitter_misc":{"Gesch\u00e4tzte Lesezeit":"6\u00a0Minuten"},"schema":{"@context":"https:\/\/schema.org","@graph":[{"@type":"WebPage","@id":"https:\/\/fozassessors.com\/de\/informationen\/vermoegenssteuer\/","url":"https:\/\/fozassessors.com\/de\/informationen\/vermoegenssteuer\/","name":"Verm\u00f6genssteuer - Foz Assessors","isPartOf":{"@id":"https:\/\/fozassessors.com\/de\/#website"},"datePublished":"2020-11-11T08:33:40+00:00","dateModified":"2021-01-13T10:22:53+00:00","breadcrumb":{"@id":"https:\/\/fozassessors.com\/de\/informationen\/vermoegenssteuer\/#breadcrumb"},"inLanguage":"de","potentialAction":[{"@type":"ReadAction","target":["https:\/\/fozassessors.com\/de\/informationen\/vermoegenssteuer\/"]}]},{"@type":"BreadcrumbList","@id":"https:\/\/fozassessors.com\/de\/informationen\/vermoegenssteuer\/#breadcrumb","itemListElement":[{"@type":"ListItem","position":1,"name":"Portada","item":"https:\/\/fozassessors.com\/de\/"},{"@type":"ListItem","position":2,"name":"Informationen","item":"https:\/\/fozassessors.com\/de\/informationen\/"},{"@type":"ListItem","position":3,"name":"Verm\u00f6genssteuer"}]},{"@type":"WebSite","@id":"https:\/\/fozassessors.com\/de\/#website","url":"https:\/\/fozassessors.com\/de\/","name":"Foz Assessors","description":"Foz Assessors","potentialAction":[{"@type":"SearchAction","target":{"@type":"EntryPoint","urlTemplate":"https:\/\/fozassessors.com\/de\/?s={search_term_string}"},"query-input":{"@type":"PropertyValueSpecification","valueRequired":true,"valueName":"search_term_string"}}],"inLanguage":"de"}]}},"_links":{"self":[{"href":"https:\/\/fozassessors.com\/de\/wp-json\/wp\/v2\/pages\/3649","targetHints":{"allow":["GET"]}}],"collection":[{"href":"https:\/\/fozassessors.com\/de\/wp-json\/wp\/v2\/pages"}],"about":[{"href":"https:\/\/fozassessors.com\/de\/wp-json\/wp\/v2\/types\/page"}],"author":[{"embeddable":true,"href":"https:\/\/fozassessors.com\/de\/wp-json\/wp\/v2\/users\/1"}],"replies":[{"embeddable":true,"href":"https:\/\/fozassessors.com\/de\/wp-json\/wp\/v2\/comments?post=3649"}],"version-history":[{"count":11,"href":"https:\/\/fozassessors.com\/de\/wp-json\/wp\/v2\/pages\/3649\/revisions"}],"predecessor-version":[{"id":4066,"href":"https:\/\/fozassessors.com\/de\/wp-json\/wp\/v2\/pages\/3649\/revisions\/4066"}],"up":[{"embeddable":true,"href":"https:\/\/fozassessors.com\/de\/wp-json\/wp\/v2\/pages\/3677"}],"wp:attachment":[{"href":"https:\/\/fozassessors.com\/de\/wp-json\/wp\/v2\/media?parent=3649"}],"curies":[{"name":"wp","href":"https:\/\/api.w.org\/{rel}","templated":true}]}}