{"id":3633,"date":"2020-11-10T17:29:55","date_gmt":"2020-11-10T17:29:55","guid":{"rendered":"https:\/\/fozassessors.com\/declaracion-de-bienes-en-el-extranjero\/"},"modified":"2020-11-23T10:44:58","modified_gmt":"2020-11-23T10:44:58","slug":"vermogensdeklaration-im-ausland","status":"publish","type":"page","link":"https:\/\/fozassessors.com\/de\/informationen\/vermogensdeklaration-im-ausland\/","title":{"rendered":"Verm\u00f6gensdeklaration im ausland"},"content":{"rendered":"<div id='av_section_1'  class='avia-section main_color avia-section-default avia-no-border-styling  avia-full-stretch av-section-color-overlay-active avia-bg-style-scroll  avia-builder-el-0  el_before_av_section  avia-builder-el-first   container_wrap fullsize' style='background-repeat: no-repeat; background-image: url(https:\/\/fozassessors.com\/wp-content\/uploads\/2020\/11\/continents-695162_1280-1024x5121-1.jpg);background-attachment: scroll; background-position: center center;  '  data-section-bg-repeat='stretch'><div class='av-section-color-overlay-wrap'><div class='av-section-color-overlay' style='opacity: 0.4; background-color: #020202; '><\/div><div class='container' ><main  role=\"main\" itemprop=\"mainContentOfPage\"  class='template-page content  av-content-full alpha units'><div class='post-entry post-entry-type-page post-entry-3633'><div class='entry-content-wrapper clearfix'>\n<div  style='padding-bottom:10px; color:#ffffff;font-size:55px;' class='av-special-heading av-special-heading-h1 custom-color-heading blockquote modern-quote modern-centered  avia-builder-el-1  avia-builder-el-no-sibling  av-inherit-size '><h1 class='av-special-heading-tag '  itemprop=\"headline\"  >VERM\u00d6GENSDEKLARATION IM AUSLAND<\/h1><div class='special-heading-border'><div class='special-heading-inner-border' style='border-color:#ffffff'><\/div><\/div><\/div>\n\n<\/div><\/div><\/main><!-- close content main element --><\/div><\/div><\/div><div id='av_section_2'  class='avia-section main_color avia-section-default avia-no-border-styling  avia-bg-style-scroll  avia-builder-el-2  el_after_av_section  avia-builder-el-last   container_wrap fullsize' style=' '  ><div class='container' ><div class='template-page content  av-content-full alpha units'><div class='post-entry post-entry-type-page post-entry-3633'><div class='entry-content-wrapper clearfix'>\n<div class=\"flex_column av_one_full  flex_column_div av-zero-column-padding first  avia-builder-el-3  avia-builder-el-no-sibling  \" style='border-radius:0px; '><section class=\"av_textblock_section \"  itemscope=\"itemscope\" itemtype=\"https:\/\/schema.org\/CreativeWork\" ><div class='avia_textblock  '   itemprop=\"text\" ><div class=\"vc_row wpb_row vc_row-fluid js-master-row mk-fullwidth-false attched-false \">\n<div class=\"vc_col-sm-12 wpb_column column_container \">\n<div class=\"mk-text-block responsive-align-center \">\n<p><strong>VERM\u00d6GENSDEKLARATION IM AUSLAND<\/strong><\/p>\n<p><strong>WER MUSS DIESE ERKL\u00c4RUNG AUSF\u00dcLLEN?<\/strong><\/p>\n<p>IN SPANIEN ANS\u00c4SSIGE PRIVATPERSONEN ODER UNTERNEHMEN UND PERMANENTE NIEDERLASSUNGEN, DIE IM BESITZ VON VERM\u00d6GENSWERTEN IM AUSLAND SIND ODER DIE BEFUGNIS HABEN, DAR\u00dcBER ZU VERF\u00dcGEN, WIE ZUM BEISPIEL:<\/p>\n<\/div>\n<ul>\n<li class=\"mk-text-block responsive-align-center \">BANKKONTEN UND EINLAGEN.<\/li>\n<li class=\"mk-text-block responsive-align-center \">ALLE ARTEN VON AKTIEN, ANLEIHEN, WERTEN, FINANZIELLEN RECHTEN, ERSPARNISSEN BEI VERSICHERUNGSGESELLSCHAFTEN, TIME-SHARING-RECHTEN, TRUSTS USW.<\/li>\n<li class=\"mk-text-block responsive-align-center \">IMMOBILIEN.\n<div class=\"clearboth\"><\/div>\n<\/li>\n<\/ul>\n<\/div>\n<\/div>\n<div class=\"vc_row wpb_row vc_row-fluid js-master-row mk-fullwidth-false attched-false \">\n<div class=\"vc_col-sm-12 wpb_column column_container \">\n<div class=\"clearboth\">\u00a0<strong>WIE IST DER SCHWELLENWERT F\u00dcR DIESE VERPFLICHTUNG?<\/strong><\/div>\n<div class=\"mk-text-block responsive-align-center \">\n<p>50.000,- EURO DES VERM\u00d6GENSWERTES (NICHT DES WERTES IHRER EIGENEN BETEILIGUNG) AN EINER DER DREI ARTEN VON VERM\u00d6GENSWERTEN. BEISPIELE:<\/p>\n<ul>\n<li><strong>SIE SIND NICHT<\/strong> verpflichtet, ein Konto mit 49.000,- Euro anzugeben.<\/li>\n<li><strong>SIE SIND<\/strong> verpflichtet zu erkl\u00e4ren, ob Sie zu den Inhabern eines Kontos mit 60.000,- Euro geh\u00f6ren, auch wenn Ihr Anteil nur 30.000,- Euro betr\u00e4gt, weil das Verm\u00f6gen \u00fcber dem Schwellenwert liegt.<\/li>\n<li><strong>SIE SIND<\/strong> verpflichtet, Ihren prozentualen Anteil an einer Immobilie zu deklarieren, wenn der Wert der Immobilie \u00fcber 50.000,- Euro liegt.<\/li>\n<li><strong>SIE SIND<\/strong> verpflichtet, alle Konten oder Depots, die Sie im Laufe des Jahres hatten, zu deklarieren, auch wenn diese bereits zum Ende des Jahres geschlossen sind.<\/li>\n<li><strong>SIE SIND NICHT<\/strong> meldepflichtig, wenn es sich um eine Handelst\u00e4tigkeit, eine Buchf\u00fchrung nach den spanischen Vorschriften, die Angabe der Verm\u00f6genswerte nach dem Gesetz oder um Konten im Ausland in ausl\u00e4ndischen Filialen von Banken mit Sitz in Spanien handelt (bitte konsultieren Sie uns in Ihrem speziellen Fall).<\/li>\n<\/ul>\n<\/div>\n<\/div>\n<\/div>\n<div class=\"vc_row wpb_row vc_row-fluid js-master-row mk-fullwidth-false attched-false \">\n<div class=\"vc_col-sm-12 wpb_column column_container \">\n<div class=\"mk-text-block responsive-align-center \">\n<p><strong>WIE WIRD DER WERT BERECHNET?<\/strong><\/p>\n<ul>\n<li>BANKKONTEN UND EINLAGEN: der h\u00f6here Wert zwischen dem Saldo am Ende des Jahres oder dem durchschnittlichen Saldo des letzten Quartals des Jahres.<\/li>\n<li>Aktien, Anleihen, Werte, Finanzrechte, Sparguthaben bei Versicherungsgesellschaften, gem\u00e4\u00df den spanischen Vorschriften f\u00fcr die Verm\u00f6genssteuer.<\/li>\n<li>IMMOBILIEN. Wert des Erwerbs<\/li>\n<\/ul>\n<\/div>\n<\/div>\n<\/div>\n<div class=\"vc_row wpb_row vc_row-fluid js-master-row mk-fullwidth-false attched-false \">\n<div class=\"vc_col-sm-12 wpb_column column_container \">\n<div class=\"mk-text-block responsive-align-center \">\n<p><strong>\u00bfWANN IST DER ZEITRAUM ZUR DEKLARATIONABGABE?<\/strong><\/p>\n<p>AB\u00a0 30. APRIL 2013\u00a0 BIS ZUM 31. M\u00c4RZ<\/p>\n<\/div>\n<\/div>\n<\/div>\n<div class=\"vc_row wpb_row vc_row-fluid js-master-row mk-fullwidth-false attched-false \">\n<div class=\"vc_col-sm-12 wpb_column column_container \">\n<div class=\"clearboth\"><\/div>\n<div class=\"mk-shortcode mk-padding-shortcode \"><\/div>\n<div class=\"clearboth\"><\/div>\n<div class=\"mk-text-block responsive-align-center \"><\/div>\n<\/div>\n<\/div>\n<\/div><\/section><\/div>\n","protected":false},"excerpt":{"rendered":"","protected":false},"author":1,"featured_media":0,"parent":3677,"menu_order":0,"comment_status":"closed","ping_status":"closed","template":"","meta":{"footnotes":""},"class_list":["post-3633","page","type-page","status-publish","hentry"],"yoast_head":"<!-- This site is optimized with the Yoast SEO plugin v26.7 - https:\/\/yoast.com\/wordpress\/plugins\/seo\/ -->\n<title>Verm\u00f6gensdeklaration im ausland - Foz Assessors<\/title>\n<meta name=\"robots\" content=\"index, follow, max-snippet:-1, max-image-preview:large, max-video-preview:-1\" \/>\n<link rel=\"canonical\" href=\"https:\/\/fozassessors.com\/de\/informationen\/vermogensdeklaration-im-ausland\/\" \/>\n<meta property=\"og:locale\" content=\"de_DE\" \/>\n<meta property=\"og:type\" content=\"article\" \/>\n<meta property=\"og:title\" content=\"Verm\u00f6gensdeklaration im ausland - Foz Assessors\" \/>\n<meta property=\"og:url\" content=\"https:\/\/fozassessors.com\/de\/informationen\/vermogensdeklaration-im-ausland\/\" \/>\n<meta property=\"og:site_name\" content=\"Foz Assessors\" \/>\n<meta property=\"article:modified_time\" content=\"2020-11-23T10:44:58+00:00\" \/>\n<meta name=\"twitter:card\" content=\"summary_large_image\" \/>\n<meta name=\"twitter:label1\" content=\"Gesch\u00e4tzte Lesezeit\" \/>\n\t<meta name=\"twitter:data1\" content=\"4\u00a0Minuten\" \/>\n<script type=\"application\/ld+json\" class=\"yoast-schema-graph\">{\"@context\":\"https:\/\/schema.org\",\"@graph\":[{\"@type\":\"WebPage\",\"@id\":\"https:\/\/fozassessors.com\/de\/informationen\/vermogensdeklaration-im-ausland\/\",\"url\":\"https:\/\/fozassessors.com\/de\/informationen\/vermogensdeklaration-im-ausland\/\",\"name\":\"Verm\u00f6gensdeklaration im ausland - Foz Assessors\",\"isPartOf\":{\"@id\":\"https:\/\/fozassessors.com\/de\/#website\"},\"datePublished\":\"2020-11-10T17:29:55+00:00\",\"dateModified\":\"2020-11-23T10:44:58+00:00\",\"breadcrumb\":{\"@id\":\"https:\/\/fozassessors.com\/de\/informationen\/vermogensdeklaration-im-ausland\/#breadcrumb\"},\"inLanguage\":\"de\",\"potentialAction\":[{\"@type\":\"ReadAction\",\"target\":[\"https:\/\/fozassessors.com\/de\/informationen\/vermogensdeklaration-im-ausland\/\"]}]},{\"@type\":\"BreadcrumbList\",\"@id\":\"https:\/\/fozassessors.com\/de\/informationen\/vermogensdeklaration-im-ausland\/#breadcrumb\",\"itemListElement\":[{\"@type\":\"ListItem\",\"position\":1,\"name\":\"Portada\",\"item\":\"https:\/\/fozassessors.com\/de\/\"},{\"@type\":\"ListItem\",\"position\":2,\"name\":\"Informationen\",\"item\":\"https:\/\/fozassessors.com\/de\/informationen\/\"},{\"@type\":\"ListItem\",\"position\":3,\"name\":\"Verm\u00f6gensdeklaration im ausland\"}]},{\"@type\":\"WebSite\",\"@id\":\"https:\/\/fozassessors.com\/de\/#website\",\"url\":\"https:\/\/fozassessors.com\/de\/\",\"name\":\"Foz Assessors\",\"description\":\"Foz Assessors\",\"potentialAction\":[{\"@type\":\"SearchAction\",\"target\":{\"@type\":\"EntryPoint\",\"urlTemplate\":\"https:\/\/fozassessors.com\/de\/?s={search_term_string}\"},\"query-input\":{\"@type\":\"PropertyValueSpecification\",\"valueRequired\":true,\"valueName\":\"search_term_string\"}}],\"inLanguage\":\"de\"}]}<\/script>\n<!-- \/ Yoast SEO plugin. -->","yoast_head_json":{"title":"Verm\u00f6gensdeklaration im ausland - Foz Assessors","robots":{"index":"index","follow":"follow","max-snippet":"max-snippet:-1","max-image-preview":"max-image-preview:large","max-video-preview":"max-video-preview:-1"},"canonical":"https:\/\/fozassessors.com\/de\/informationen\/vermogensdeklaration-im-ausland\/","og_locale":"de_DE","og_type":"article","og_title":"Verm\u00f6gensdeklaration im ausland - Foz Assessors","og_url":"https:\/\/fozassessors.com\/de\/informationen\/vermogensdeklaration-im-ausland\/","og_site_name":"Foz Assessors","article_modified_time":"2020-11-23T10:44:58+00:00","twitter_card":"summary_large_image","twitter_misc":{"Gesch\u00e4tzte Lesezeit":"4\u00a0Minuten"},"schema":{"@context":"https:\/\/schema.org","@graph":[{"@type":"WebPage","@id":"https:\/\/fozassessors.com\/de\/informationen\/vermogensdeklaration-im-ausland\/","url":"https:\/\/fozassessors.com\/de\/informationen\/vermogensdeklaration-im-ausland\/","name":"Verm\u00f6gensdeklaration im ausland - Foz Assessors","isPartOf":{"@id":"https:\/\/fozassessors.com\/de\/#website"},"datePublished":"2020-11-10T17:29:55+00:00","dateModified":"2020-11-23T10:44:58+00:00","breadcrumb":{"@id":"https:\/\/fozassessors.com\/de\/informationen\/vermogensdeklaration-im-ausland\/#breadcrumb"},"inLanguage":"de","potentialAction":[{"@type":"ReadAction","target":["https:\/\/fozassessors.com\/de\/informationen\/vermogensdeklaration-im-ausland\/"]}]},{"@type":"BreadcrumbList","@id":"https:\/\/fozassessors.com\/de\/informationen\/vermogensdeklaration-im-ausland\/#breadcrumb","itemListElement":[{"@type":"ListItem","position":1,"name":"Portada","item":"https:\/\/fozassessors.com\/de\/"},{"@type":"ListItem","position":2,"name":"Informationen","item":"https:\/\/fozassessors.com\/de\/informationen\/"},{"@type":"ListItem","position":3,"name":"Verm\u00f6gensdeklaration im ausland"}]},{"@type":"WebSite","@id":"https:\/\/fozassessors.com\/de\/#website","url":"https:\/\/fozassessors.com\/de\/","name":"Foz Assessors","description":"Foz Assessors","potentialAction":[{"@type":"SearchAction","target":{"@type":"EntryPoint","urlTemplate":"https:\/\/fozassessors.com\/de\/?s={search_term_string}"},"query-input":{"@type":"PropertyValueSpecification","valueRequired":true,"valueName":"search_term_string"}}],"inLanguage":"de"}]}},"_links":{"self":[{"href":"https:\/\/fozassessors.com\/de\/wp-json\/wp\/v2\/pages\/3633","targetHints":{"allow":["GET"]}}],"collection":[{"href":"https:\/\/fozassessors.com\/de\/wp-json\/wp\/v2\/pages"}],"about":[{"href":"https:\/\/fozassessors.com\/de\/wp-json\/wp\/v2\/types\/page"}],"author":[{"embeddable":true,"href":"https:\/\/fozassessors.com\/de\/wp-json\/wp\/v2\/users\/1"}],"replies":[{"embeddable":true,"href":"https:\/\/fozassessors.com\/de\/wp-json\/wp\/v2\/comments?post=3633"}],"version-history":[{"count":7,"href":"https:\/\/fozassessors.com\/de\/wp-json\/wp\/v2\/pages\/3633\/revisions"}],"predecessor-version":[{"id":4014,"href":"https:\/\/fozassessors.com\/de\/wp-json\/wp\/v2\/pages\/3633\/revisions\/4014"}],"up":[{"embeddable":true,"href":"https:\/\/fozassessors.com\/de\/wp-json\/wp\/v2\/pages\/3677"}],"wp:attachment":[{"href":"https:\/\/fozassessors.com\/de\/wp-json\/wp\/v2\/media?parent=3633"}],"curies":[{"name":"wp","href":"https:\/\/api.w.org\/{rel}","templated":true}]}}