{"id":3623,"date":"2020-11-10T16:32:57","date_gmt":"2020-11-10T16:32:57","guid":{"rendered":"https:\/\/fozassessors.com\/carta-del-director\/"},"modified":"2022-02-04T09:34:30","modified_gmt":"2022-02-04T09:34:30","slug":"brief-des-geschaftsfuhrers","status":"publish","type":"page","link":"https:\/\/fozassessors.com\/de\/brief-des-geschaftsfuhrers\/","title":{"rendered":"Brief des Gesch\u00e4ftsf\u00fchrers"},"content":{"rendered":"<div id='av_section_1'  class='avia-section main_color avia-section-default avia-no-border-styling  avia-full-stretch av-section-color-overlay-active avia-bg-style-scroll  avia-builder-el-0  el_before_av_section  avia-builder-el-first   container_wrap fullsize' style='background-repeat: no-repeat; background-image: url(https:\/\/fozassessors.com\/wp-content\/uploads\/2020\/11\/continents-695162_1280-1024x5121-1.jpg);background-attachment: scroll; background-position: center center;  '  data-section-bg-repeat='stretch'><div class='av-section-color-overlay-wrap'><div class='av-section-color-overlay' style='opacity: 0.4; background-color: #020202; '><\/div><div class='container' ><main  role=\"main\" itemprop=\"mainContentOfPage\"  class='template-page content  av-content-full alpha units'><div class='post-entry post-entry-type-page post-entry-3623'><div class='entry-content-wrapper clearfix'>\n<div  style='padding-bottom:10px; color:#ffffff;font-size:55px;' class='av-special-heading av-special-heading-h1 custom-color-heading blockquote modern-quote modern-centered  avia-builder-el-1  avia-builder-el-no-sibling  av-inherit-size '><h1 class='av-special-heading-tag '  itemprop=\"headline\"  >Brief des Gesch\u00e4ftsf\u00fchrers<\/h1><div class='special-heading-border'><div class='special-heading-inner-border' style='border-color:#ffffff'><\/div><\/div><\/div>\n\n<\/div><\/div><\/main><!-- close content main element --><\/div><\/div><\/div><div id='av_section_2'  class='avia-section main_color avia-section-default avia-no-border-styling  avia-bg-style-scroll  avia-builder-el-2  el_after_av_section  avia-builder-el-last   container_wrap fullsize' style=' '  ><div class='container' ><div class='template-page content  av-content-full alpha units'><div class='post-entry post-entry-type-page post-entry-3623'><div class='entry-content-wrapper clearfix'>\n<section class=\"av_textblock_section \"  itemscope=\"itemscope\" itemtype=\"https:\/\/schema.org\/CreativeWork\" ><div class='avia_textblock  '   itemprop=\"text\" ><p style=\"text-align: center;\">Sehr geehrter Besucher, mein Name ist Carles Foz und ich bin seit 1986 als Rechtsanwalt und Steueranwalt t\u00e4tig. Davor war ich 12 Jahre lang in der Bankenbranche t\u00e4tig, wo ich eine Ausbildung zum Finanz- und Investmentanalysten absolvierte sowie auch in der Rechtsabteilung, der Auslandabteilung als B\u00fcroleiter und in anderen verschiedenen Positionen arbeitete.<\/p>\n<p style=\"text-align: center;\">Ich arbeite seit mehr als 35 Jahren auf Mallorca und habe viele erfolgreiche Investitionen gesehen aber leider auch welche die zum Scheitern verurteilt waren.<\/p>\n<p style=\"text-align: center;\">Unserer Erfahrung nach sind Misserfolge aus verschiedenen Gr\u00fcnden verursacht worden. Manchmal lag es an mangelnder Kenntnis der rechtlichen und planerischen Aspekte einer Investition. Ein anderes Mal an der mangelnden \u00dcberpr\u00fcfung von Unternehmenszahlen oder zum Beispiel an mangelnder R\u00fccksichtnahme auf den tats\u00e4chlichen Zustand eines Geb\u00e4udes. Aber letztendlich k\u00f6nnen wir behaupten, dass Misserfolge fast immer auf das Fehlen eines richtigen Expertenteams und einer guten Koordination zur\u00fcckzuf\u00fchren sind.<\/p>\n<p style=\"text-align: center;\">Dank unserer Erfahrung in all diesen Jahren haben wir ein Netzwerk von ausgewiesenen Fachleuten aufgebaut, an die wir uns je nach Investition wenden k\u00f6nnen, so dass wir ein auf jeden Investor zugeschnittenes Team bilden und nur f\u00fcr den unbedingt notwendigen Zeitraum.<\/p>\n<p style=\"text-align: center;\">Wir bieten Ihnen unseren Service einer vollst\u00e4ndigen professionellen Beratung f\u00fcr Investitionen auf Mallorca an, der darin besteht, ein Team entsprechend den Anforderungen Ihrer Investition zusammenzustellen und zu leiten. Unsere Dienstleistungen werden in verschiedenen Sprachen angeboten und an unterschiedlichen Ebenen der Beratung angepasst: von der reinen externen Beratung bis hin zu einer aktiveren Beteiligung an Ihrer Investition.<\/p>\n<p style=\"text-align: center;\">Wir stehen Ihnen zur Verf\u00fcgung, um Ihre Fragen zu kl\u00e4ren und kostenlos einen angemessenen Kostenvoranschlag zu erstellen. Wir hoffen, dass unser Beratungsangebot f\u00fcr Sie von Interesse ist.<\/p>\n<p style=\"text-align: center;\">Wir bedanken uns\u00a0 f\u00fcr Ihre Aufmerksamkeit.<\/p>\n<\/div><\/section>\n\n","protected":false},"excerpt":{"rendered":"","protected":false},"author":1,"featured_media":0,"parent":0,"menu_order":0,"comment_status":"closed","ping_status":"closed","template":"","meta":{"footnotes":""},"class_list":["post-3623","page","type-page","status-publish","hentry"],"yoast_head":"<!-- This site is optimized with the Yoast SEO plugin v26.7 - https:\/\/yoast.com\/wordpress\/plugins\/seo\/ -->\n<title>Brief des Gesch\u00e4ftsf\u00fchrers - Foz Assessors<\/title>\n<meta name=\"robots\" content=\"index, follow, max-snippet:-1, max-image-preview:large, max-video-preview:-1\" \/>\n<link rel=\"canonical\" href=\"https:\/\/fozassessors.com\/de\/brief-des-geschaftsfuhrers\/\" \/>\n<meta property=\"og:locale\" content=\"de_DE\" \/>\n<meta property=\"og:type\" content=\"article\" \/>\n<meta property=\"og:title\" content=\"Brief des Gesch\u00e4ftsf\u00fchrers - Foz Assessors\" \/>\n<meta property=\"og:url\" content=\"https:\/\/fozassessors.com\/de\/brief-des-geschaftsfuhrers\/\" \/>\n<meta property=\"og:site_name\" content=\"Foz Assessors\" \/>\n<meta property=\"article:modified_time\" content=\"2022-02-04T09:34:30+00:00\" \/>\n<meta name=\"twitter:card\" content=\"summary_large_image\" \/>\n<meta name=\"twitter:label1\" content=\"Gesch\u00e4tzte Lesezeit\" \/>\n\t<meta name=\"twitter:data1\" content=\"2\u00a0Minuten\" \/>\n<script type=\"application\/ld+json\" class=\"yoast-schema-graph\">{\"@context\":\"https:\/\/schema.org\",\"@graph\":[{\"@type\":\"WebPage\",\"@id\":\"https:\/\/fozassessors.com\/de\/brief-des-geschaftsfuhrers\/\",\"url\":\"https:\/\/fozassessors.com\/de\/brief-des-geschaftsfuhrers\/\",\"name\":\"Brief des Gesch\u00e4ftsf\u00fchrers - Foz Assessors\",\"isPartOf\":{\"@id\":\"https:\/\/fozassessors.com\/de\/#website\"},\"datePublished\":\"2020-11-10T16:32:57+00:00\",\"dateModified\":\"2022-02-04T09:34:30+00:00\",\"breadcrumb\":{\"@id\":\"https:\/\/fozassessors.com\/de\/brief-des-geschaftsfuhrers\/#breadcrumb\"},\"inLanguage\":\"de\",\"potentialAction\":[{\"@type\":\"ReadAction\",\"target\":[\"https:\/\/fozassessors.com\/de\/brief-des-geschaftsfuhrers\/\"]}]},{\"@type\":\"BreadcrumbList\",\"@id\":\"https:\/\/fozassessors.com\/de\/brief-des-geschaftsfuhrers\/#breadcrumb\",\"itemListElement\":[{\"@type\":\"ListItem\",\"position\":1,\"name\":\"Portada\",\"item\":\"https:\/\/fozassessors.com\/de\/\"},{\"@type\":\"ListItem\",\"position\":2,\"name\":\"Brief des Gesch\u00e4ftsf\u00fchrers\"}]},{\"@type\":\"WebSite\",\"@id\":\"https:\/\/fozassessors.com\/de\/#website\",\"url\":\"https:\/\/fozassessors.com\/de\/\",\"name\":\"Foz Assessors\",\"description\":\"Foz Assessors\",\"potentialAction\":[{\"@type\":\"SearchAction\",\"target\":{\"@type\":\"EntryPoint\",\"urlTemplate\":\"https:\/\/fozassessors.com\/de\/?s={search_term_string}\"},\"query-input\":{\"@type\":\"PropertyValueSpecification\",\"valueRequired\":true,\"valueName\":\"search_term_string\"}}],\"inLanguage\":\"de\"}]}<\/script>\n<!-- \/ Yoast SEO plugin. -->","yoast_head_json":{"title":"Brief des Gesch\u00e4ftsf\u00fchrers - Foz Assessors","robots":{"index":"index","follow":"follow","max-snippet":"max-snippet:-1","max-image-preview":"max-image-preview:large","max-video-preview":"max-video-preview:-1"},"canonical":"https:\/\/fozassessors.com\/de\/brief-des-geschaftsfuhrers\/","og_locale":"de_DE","og_type":"article","og_title":"Brief des Gesch\u00e4ftsf\u00fchrers - Foz Assessors","og_url":"https:\/\/fozassessors.com\/de\/brief-des-geschaftsfuhrers\/","og_site_name":"Foz Assessors","article_modified_time":"2022-02-04T09:34:30+00:00","twitter_card":"summary_large_image","twitter_misc":{"Gesch\u00e4tzte Lesezeit":"2\u00a0Minuten"},"schema":{"@context":"https:\/\/schema.org","@graph":[{"@type":"WebPage","@id":"https:\/\/fozassessors.com\/de\/brief-des-geschaftsfuhrers\/","url":"https:\/\/fozassessors.com\/de\/brief-des-geschaftsfuhrers\/","name":"Brief des Gesch\u00e4ftsf\u00fchrers - Foz Assessors","isPartOf":{"@id":"https:\/\/fozassessors.com\/de\/#website"},"datePublished":"2020-11-10T16:32:57+00:00","dateModified":"2022-02-04T09:34:30+00:00","breadcrumb":{"@id":"https:\/\/fozassessors.com\/de\/brief-des-geschaftsfuhrers\/#breadcrumb"},"inLanguage":"de","potentialAction":[{"@type":"ReadAction","target":["https:\/\/fozassessors.com\/de\/brief-des-geschaftsfuhrers\/"]}]},{"@type":"BreadcrumbList","@id":"https:\/\/fozassessors.com\/de\/brief-des-geschaftsfuhrers\/#breadcrumb","itemListElement":[{"@type":"ListItem","position":1,"name":"Portada","item":"https:\/\/fozassessors.com\/de\/"},{"@type":"ListItem","position":2,"name":"Brief des Gesch\u00e4ftsf\u00fchrers"}]},{"@type":"WebSite","@id":"https:\/\/fozassessors.com\/de\/#website","url":"https:\/\/fozassessors.com\/de\/","name":"Foz Assessors","description":"Foz Assessors","potentialAction":[{"@type":"SearchAction","target":{"@type":"EntryPoint","urlTemplate":"https:\/\/fozassessors.com\/de\/?s={search_term_string}"},"query-input":{"@type":"PropertyValueSpecification","valueRequired":true,"valueName":"search_term_string"}}],"inLanguage":"de"}]}},"_links":{"self":[{"href":"https:\/\/fozassessors.com\/de\/wp-json\/wp\/v2\/pages\/3623","targetHints":{"allow":["GET"]}}],"collection":[{"href":"https:\/\/fozassessors.com\/de\/wp-json\/wp\/v2\/pages"}],"about":[{"href":"https:\/\/fozassessors.com\/de\/wp-json\/wp\/v2\/types\/page"}],"author":[{"embeddable":true,"href":"https:\/\/fozassessors.com\/de\/wp-json\/wp\/v2\/users\/1"}],"replies":[{"embeddable":true,"href":"https:\/\/fozassessors.com\/de\/wp-json\/wp\/v2\/comments?post=3623"}],"version-history":[{"count":9,"href":"https:\/\/fozassessors.com\/de\/wp-json\/wp\/v2\/pages\/3623\/revisions"}],"predecessor-version":[{"id":4115,"href":"https:\/\/fozassessors.com\/de\/wp-json\/wp\/v2\/pages\/3623\/revisions\/4115"}],"wp:attachment":[{"href":"https:\/\/fozassessors.com\/de\/wp-json\/wp\/v2\/media?parent=3623"}],"curies":[{"name":"wp","href":"https:\/\/api.w.org\/{rel}","templated":true}]}}